{"id":1644,"date":"2025-02-01T17:11:16","date_gmt":"2025-02-01T17:11:16","guid":{"rendered":"https:\/\/takkujarakit.fi\/?page_id=1644"},"modified":"2025-02-04T19:29:58","modified_gmt":"2025-02-04T19:29:58","slug":"tietosuojalauseke","status":"publish","type":"page","link":"https:\/\/takkujarakit.fi\/fi\/tietosuojalauseke\/","title":{"rendered":"Tietosuojalauseke"},"content":{"rendered":"<style>.kb-row-layout-id1644_0cce65-35 > .kt-row-column-wrap{align-content:start;}:where(.kb-row-layout-id1644_0cce65-35 > .kt-row-column-wrap) > .wp-block-kadence-column{justify-content:start;}.kb-row-layout-id1644_0cce65-35 > .kt-row-column-wrap{column-gap:var(--global-kb-gap-md, 2rem);row-gap:var(--global-kb-gap-md, 2rem);max-width:var( --global-content-width, 1290px );padding-left:var(--global-content-edge-padding);padding-right:var(--global-content-edge-padding);padding-top:100px;padding-bottom:60px;grid-template-columns:minmax(0, 1fr);}.kb-row-layout-id1644_0cce65-35{box-shadow:0px 0px 14px 0px rgba(0, 0, 0, 0.2);border-bottom:1px solid rgba(0,143,114,0.61);}.kb-row-layout-id1644_0cce65-35{background-image:url('https:\/\/takkujarakit.fi\/wp-content\/uploads\/2025\/02\/otsikko2.jpg');background-size:cover;background-position:51% 0%;background-attachment:scroll;background-repeat:no-repeat;}.kb-row-layout-id1644_0cce65-35 > .kt-row-layout-overlay{opacity:0.44;background:linear-gradient(190deg, rgba(248, 248, 248, 0.83) 0%, var(--global-palette8) 72%);}@media all and (max-width: 1024px){.kb-row-layout-id1644_0cce65-35 > .kt-row-column-wrap{grid-template-columns:minmax(0, 1fr);}}@media all and (max-width: 1024px){.kb-row-layout-id1644_0cce65-35{border-bottom:1px solid rgba(0,143,114,0.61);}}@media all and (max-width: 767px){.kb-row-layout-id1644_0cce65-35 > .kt-row-column-wrap{padding-top:var(--global-kb-spacing-md, 2rem);padding-bottom:0px;grid-template-columns:minmax(0, 1fr);}.kb-row-layout-id1644_0cce65-35{border-bottom:1px solid rgba(0,143,114,0.61);}}<\/style><div class=\"kb-row-layout-wrap kb-row-layout-id1644_0cce65-35 alignnone has-theme-palette4-background-color kt-row-has-bg wp-block-kadence-rowlayout\"><div class=\"kt-row-layout-overlay kt-row-overlay-gradient\"><\/div><div class=\"kt-row-column-wrap kt-has-1-columns kt-row-layout-equal kt-tab-layout-inherit kt-mobile-layout-row kt-row-valign-top kb-theme-content-width\">\n<style>.kadence-column1644_ff677d-bc > .kt-inside-inner-col,.kadence-column1644_ff677d-bc > .kt-inside-inner-col:before{border-top-left-radius:0px;border-top-right-radius:0px;border-bottom-right-radius:0px;border-bottom-left-radius:0px;}.kadence-column1644_ff677d-bc > .kt-inside-inner-col{column-gap:var(--global-kb-gap-sm, 1rem);}.kadence-column1644_ff677d-bc > .kt-inside-inner-col{flex-direction:column;}.kadence-column1644_ff677d-bc > .kt-inside-inner-col > .aligncenter{width:100%;}.kadence-column1644_ff677d-bc > .kt-inside-inner-col:before{opacity:0.3;}.kadence-column1644_ff677d-bc{position:relative;}@media all and (max-width: 1024px){.kadence-column1644_ff677d-bc > .kt-inside-inner-col{flex-direction:column;justify-content:center;}}@media all and (max-width: 767px){.kadence-column1644_ff677d-bc > .kt-inside-inner-col{flex-direction:column;justify-content:center;}}<\/style>\n<div class=\"wp-block-kadence-column kadence-column1644_ff677d-bc inner-column-1\"><div class=\"kt-inside-inner-col\"><style>.wp-block-kadence-advancedheading.kt-adv-heading1644_5f40e7-b8, .wp-block-kadence-advancedheading.kt-adv-heading1644_5f40e7-b8[data-kb-block=\"kb-adv-heading1644_5f40e7-b8\"]{text-align:center;font-style:normal;}.wp-block-kadence-advancedheading.kt-adv-heading1644_5f40e7-b8 mark.kt-highlight, .wp-block-kadence-advancedheading.kt-adv-heading1644_5f40e7-b8[data-kb-block=\"kb-adv-heading1644_5f40e7-b8\"] mark.kt-highlight{font-style:normal;color:#f76a0c;-webkit-box-decoration-break:clone;box-decoration-break:clone;padding-top:0px;padding-right:0px;padding-bottom:0px;padding-left:0px;}.wp-block-kadence-advancedheading.kt-adv-heading1644_5f40e7-b8 img.kb-inline-image, .wp-block-kadence-advancedheading.kt-adv-heading1644_5f40e7-b8[data-kb-block=\"kb-adv-heading1644_5f40e7-b8\"] img.kb-inline-image{width:150px;vertical-align:baseline;}@media all and (max-width: 767px){.wp-block-kadence-advancedheading.kt-adv-heading1644_5f40e7-b8, .wp-block-kadence-advancedheading.kt-adv-heading1644_5f40e7-b8[data-kb-block=\"kb-adv-heading1644_5f40e7-b8\"]{font-size:var(--global-kb-font-size-xl, 3rem);}}<\/style>\n<h1 class=\"kt-adv-heading1644_5f40e7-b8 wp-block-kadence-advancedheading has-theme-palette-3-color has-text-color\" data-kb-block=\"kb-adv-heading1644_5f40e7-b8\">Tietosuojalauseke<\/h1>\n\n\n<style>.wp-block-kadence-advancedheading.kt-adv-heading1644_3c6c8e-e3, .wp-block-kadence-advancedheading.kt-adv-heading1644_3c6c8e-e3[data-kb-block=\"kb-adv-heading1644_3c6c8e-e3\"]{margin-bottom:60px;text-align:center;font-style:normal;text-shadow:1px 1px 1px rgba(0, 0, 0, 0.2);}.wp-block-kadence-advancedheading.kt-adv-heading1644_3c6c8e-e3 mark.kt-highlight, .wp-block-kadence-advancedheading.kt-adv-heading1644_3c6c8e-e3[data-kb-block=\"kb-adv-heading1644_3c6c8e-e3\"] mark.kt-highlight{font-style:normal;color:#f76a0c;-webkit-box-decoration-break:clone;box-decoration-break:clone;padding-top:0px;padding-right:0px;padding-bottom:0px;padding-left:0px;}.wp-block-kadence-advancedheading.kt-adv-heading1644_3c6c8e-e3 img.kb-inline-image, .wp-block-kadence-advancedheading.kt-adv-heading1644_3c6c8e-e3[data-kb-block=\"kb-adv-heading1644_3c6c8e-e3\"] img.kb-inline-image{width:150px;vertical-align:baseline;}@media all and (max-width: 1024px){.wp-block-kadence-advancedheading.kt-adv-heading1644_3c6c8e-e3, .wp-block-kadence-advancedheading.kt-adv-heading1644_3c6c8e-e3[data-kb-block=\"kb-adv-heading1644_3c6c8e-e3\"]{text-shadow:1px 1px 1px rgba(0, 0, 0, 0.2);}}@media all and (max-width: 767px){.wp-block-kadence-advancedheading.kt-adv-heading1644_3c6c8e-e3, .wp-block-kadence-advancedheading.kt-adv-heading1644_3c6c8e-e3[data-kb-block=\"kb-adv-heading1644_3c6c8e-e3\"]{text-shadow:1px 1px 1px rgba(0, 0, 0, 0.2);}}<\/style>\n<p class=\"kt-adv-heading1644_3c6c8e-e3 wp-block-kadence-advancedheading has-theme-palette-3-color has-text-color\" data-kb-block=\"kb-adv-heading1644_3c6c8e-e3\">Laadittu 1.2.2025.  | Viimeisin muutos 1.2.2025.<\/p>\n<\/div><\/div>\n\n<\/div><\/div>\n\n<style>.kb-row-layout-id1644_0ab9e6-56 > .kt-row-column-wrap{align-content:start;}:where(.kb-row-layout-id1644_0ab9e6-56 > .kt-row-column-wrap) > .wp-block-kadence-column{justify-content:start;}.kb-row-layout-id1644_0ab9e6-56 > .kt-row-column-wrap{column-gap:var(--global-kb-gap-md, 2rem);row-gap:var(--global-kb-gap-md, 2rem);max-width:var( --global-content-width, 1290px );padding-left:var(--global-content-edge-padding);padding-right:var(--global-content-edge-padding);padding-top:80px;padding-bottom:80px;grid-template-columns:minmax(0, 1fr);}.kb-row-layout-id1644_0ab9e6-56 > .kt-row-layout-overlay{opacity:0.30;}@media all and (max-width: 1024px){.kb-row-layout-id1644_0ab9e6-56 > .kt-row-column-wrap{grid-template-columns:minmax(0, 1fr);}}@media all and (max-width: 767px){.kb-row-layout-id1644_0ab9e6-56 > .kt-row-column-wrap{padding-top:50px;padding-right:0px;padding-left:0px;grid-template-columns:minmax(0, 1fr);}}<\/style><div class=\"kb-row-layout-wrap kb-row-layout-id1644_0ab9e6-56 alignnone wp-block-kadence-rowlayout\"><div class=\"kt-row-column-wrap kt-has-1-columns kt-row-layout-equal kt-tab-layout-inherit kt-mobile-layout-row kt-row-valign-top kb-theme-content-width\">\n<style>.kadence-column1644_4c8cfe-2a > .kt-inside-inner-col,.kadence-column1644_4c8cfe-2a > .kt-inside-inner-col:before{border-top-left-radius:0px;border-top-right-radius:0px;border-bottom-right-radius:0px;border-bottom-left-radius:0px;}.kadence-column1644_4c8cfe-2a > .kt-inside-inner-col{column-gap:var(--global-kb-gap-sm, 1rem);}.kadence-column1644_4c8cfe-2a > .kt-inside-inner-col{flex-direction:column;}.kadence-column1644_4c8cfe-2a > .kt-inside-inner-col > .aligncenter{width:100%;}.kadence-column1644_4c8cfe-2a > .kt-inside-inner-col:before{opacity:0.3;}.kadence-column1644_4c8cfe-2a{position:relative;}@media all and (max-width: 1024px){.kadence-column1644_4c8cfe-2a > .kt-inside-inner-col{flex-direction:column;justify-content:center;}}@media all and (max-width: 767px){.kadence-column1644_4c8cfe-2a > .kt-inside-inner-col{flex-direction:column;justify-content:center;}.kadence-column1644_4c8cfe-2a, .kt-inside-inner-col > .kadence-column1644_4c8cfe-2a:not(.specificity){margin-right:20px;margin-left:20px;}}<\/style>\n<div class=\"wp-block-kadence-column kadence-column1644_4c8cfe-2a inner-column-1\"><div class=\"kt-inside-inner-col\"><style>.kb-row-layout-id1644_3adc69-27 > .kt-row-column-wrap{align-content:start;}:where(.kb-row-layout-id1644_3adc69-27 > .kt-row-column-wrap) > .wp-block-kadence-column{justify-content:start;}.kb-row-layout-id1644_3adc69-27 > .kt-row-column-wrap{column-gap:var(--global-kb-gap-sm, 1rem);row-gap:0px;grid-template-columns:minmax(0, calc(55% - ((var(--global-kb-gap-sm, 1rem) * 1 )\/2)))minmax(0, calc(45% - ((var(--global-kb-gap-sm, 1rem) * 1 )\/2)));}.kb-row-layout-id1644_3adc69-27 > .kt-row-layout-overlay{opacity:0.30;}@media all and (max-width: 1024px){.kb-row-layout-id1644_3adc69-27 > .kt-row-column-wrap{grid-template-columns:repeat(2, minmax(0, 1fr));}}@media all and (max-width: 767px){.kb-row-layout-id1644_3adc69-27 > .kt-row-column-wrap{grid-template-columns:minmax(0, 1fr);}}<\/style><div class=\"kb-row-layout-wrap kb-row-layout-id1644_3adc69-27 alignnone wp-block-kadence-rowlayout\"><div class=\"kt-row-column-wrap kt-has-2-columns kt-row-layout-equal kt-tab-layout-inherit kt-mobile-layout-row kt-row-valign-top\">\n<style>.kadence-column1644_5b9aed-aa > .kt-inside-inner-col,.kadence-column1644_5b9aed-aa > .kt-inside-inner-col:before{border-top-left-radius:0px;border-top-right-radius:0px;border-bottom-right-radius:0px;border-bottom-left-radius:0px;}.kadence-column1644_5b9aed-aa > .kt-inside-inner-col{column-gap:var(--global-kb-gap-sm, 1rem);}.kadence-column1644_5b9aed-aa > .kt-inside-inner-col{flex-direction:column;}.kadence-column1644_5b9aed-aa > .kt-inside-inner-col > .aligncenter{width:100%;}.kadence-column1644_5b9aed-aa > .kt-inside-inner-col:before{opacity:0.3;}.kadence-column1644_5b9aed-aa{position:relative;}@media all and (max-width: 1024px){.kadence-column1644_5b9aed-aa > .kt-inside-inner-col{flex-direction:column;justify-content:center;}}@media all and (max-width: 767px){.kadence-column1644_5b9aed-aa > .kt-inside-inner-col{flex-direction:column;justify-content:center;}}<\/style>\n<div class=\"wp-block-kadence-column kadence-column1644_5b9aed-aa\"><div class=\"kt-inside-inner-col\">\n<p>T\u00e4m\u00e4 on Yrityksen EU:n yleisen tietosuoja-asetuksen (GDPR) mukainen rekisteri- ja tietosuojaseloste.<\/p>\n\n\n\n<p><strong>1. Rekisterinpit\u00e4j\u00e4<\/strong><br>Takku ja Rakit oy, Tuohiviita 15, 60150 Sein\u00e4joki<\/p>\n\n\n\n<p><strong>2. Rekisterist\u00e4 vastaava yhteyshenkil\u00f6<\/strong><br>Saara Takku, <a href=\"mailto:saara.takku@gmail.com\">saara.takku@gmail.com<\/a>, 0400664702&nbsp;<\/p>\n\n\n\n<p><strong>3. Rekisterin nimi<\/strong><br>Yrityksen asiakas- ja markkinointirekisteri<\/p>\n\n\n\n<p><strong>4. Oikeusperuste ja henkil\u00f6tietojen k\u00e4sittelyn tarkoitus<\/strong><br>EU:n yleisen tietosuoja-asetuksen mukainen oikeusperuste henkil\u00f6tietojen k\u00e4sittelylle on henkil\u00f6n suostumus. Henkil\u00f6tietojen k\u00e4sittelyn tarkoitus on yhteydenpito asiakkaisiin, asiakassuhteen yll\u00e4pito, markkinointi tms. Tietoja ei k\u00e4ytet\u00e4 automatisoituun p\u00e4\u00e4t\u00f6ksentekoon tai profilointiin.&nbsp;<\/p>\n\n\n\n<p><strong>5. Rekisterin tietosis\u00e4lt\u00f6<\/strong><br>Rekisteriin tallennettavia tietoja ovat: henkil\u00f6n nimi, s\u00e4hk\u00f6postiosoite, tiedot tilatuista palveluista ja niiden muutoksista, laskutustiedot, muut asiakassuhteeseen ja tilattuihin palveluihin liittyv\u00e4t tiedot.<\/p>\n\n\n\n<p>Verkkosivuston vierailijoiden IP-osoitteita ja palvelun toiminnoille v\u00e4ltt\u00e4m\u00e4tt\u00f6mi\u00e4 ev\u00e4steit\u00e4 k\u00e4sitell\u00e4\u00e4n oikeutetun edun perusteella mm. tietoturvasta huolehtimiseksi ja sivuston vierailijoiden tilastotietojen keruuta varten niiss\u00e4 tapauksissa, kun niiden voidaan katsoa olevan henkil\u00f6tietoja. Kolmansien osapuolten ev\u00e4steille pyydet\u00e4\u00e4n tarvittaessa suostumus erikseen.<\/p>\n<\/div><\/div>\n\n\n<style>.kadence-column1644_45b0c2-2c > .kt-inside-inner-col,.kadence-column1644_45b0c2-2c > .kt-inside-inner-col:before{border-top-left-radius:0px;border-top-right-radius:0px;border-bottom-right-radius:0px;border-bottom-left-radius:0px;}.kadence-column1644_45b0c2-2c > .kt-inside-inner-col{column-gap:var(--global-kb-gap-sm, 1rem);}.kadence-column1644_45b0c2-2c > .kt-inside-inner-col{flex-direction:column;}.kadence-column1644_45b0c2-2c > .kt-inside-inner-col > .aligncenter{width:100%;}.kadence-column1644_45b0c2-2c > .kt-inside-inner-col:before{opacity:0.3;}.kadence-column1644_45b0c2-2c{position:relative;}@media all and (max-width: 1024px){.kadence-column1644_45b0c2-2c > .kt-inside-inner-col{flex-direction:column;justify-content:center;}}@media all and (max-width: 767px){.kadence-column1644_45b0c2-2c > .kt-inside-inner-col{flex-direction:column;justify-content:center;}}<\/style>\n<div class=\"wp-block-kadence-column kadence-column1644_45b0c2-2c\"><div class=\"kt-inside-inner-col\">\n<figure class=\"wp-block-image size-large is-resized has-custom-border\" style=\"margin-top:var(--wp--preset--spacing--50);margin-right:var(--wp--preset--spacing--20);margin-bottom:0;margin-left:var(--wp--preset--spacing--20)\"><img decoding=\"async\" src=\"https:\/\/takkujarakit.fi\/wp-content\/uploads\/2025\/02\/koriste2-683x1024.jpg\" alt=\"\" class=\"wp-image-1811\" style=\"border-style:none;border-width:0px;border-radius:15px;width:500px;height:auto\"\/><\/figure>\n<\/div><\/div>\n\n<\/div><\/div><\/div><\/div>\n\n\n<style>.kadence-column1644_61cfa6-61 > .kt-inside-inner-col,.kadence-column1644_61cfa6-61 > .kt-inside-inner-col:before{border-top-left-radius:0px;border-top-right-radius:0px;border-bottom-right-radius:0px;border-bottom-left-radius:0px;}.kadence-column1644_61cfa6-61 > .kt-inside-inner-col{column-gap:var(--global-kb-gap-sm, 1rem);}.kadence-column1644_61cfa6-61 > .kt-inside-inner-col{flex-direction:column;}.kadence-column1644_61cfa6-61 > .kt-inside-inner-col > .aligncenter{width:100%;}.kadence-column1644_61cfa6-61 > .kt-inside-inner-col:before{opacity:0.3;}.kadence-column1644_61cfa6-61{position:relative;}@media all and (max-width: 1024px){.kadence-column1644_61cfa6-61 > .kt-inside-inner-col{flex-direction:column;justify-content:center;}}@media all and (max-width: 767px){.kadence-column1644_61cfa6-61 > .kt-inside-inner-col{flex-direction:column;justify-content:center;}.kadence-column1644_61cfa6-61, .kt-inside-inner-col > .kadence-column1644_61cfa6-61:not(.specificity){margin-right:20px;margin-left:20px;}}<\/style>\n<div class=\"wp-block-kadence-column kadence-column1644_61cfa6-61 inner-column-1\"><div class=\"kt-inside-inner-col\">\n<p><strong>6. S\u00e4\u00e4nn\u00f6nmukaiset tietol\u00e4hteet<\/strong><br>Rekisteriin tallennettavat tiedot saadaan asiakkaalta mm. www-lomakkeilla l\u00e4hetetyist\u00e4 viesteist\u00e4, s\u00e4hk\u00f6postitse, puhelimitse, sosiaalisen median palvelujen kautta, sopimuksista, asiakastapaamisista ja muista tilanteista, joissa asiakas luovuttaa tietojaan.<\/p>\n\n\n\n<p>Yritysten ja muiden organisaatioiden yhteyshenkil\u00f6iden tietoja voidaan ker\u00e4t\u00e4 my\u00f6s julkisista l\u00e4hteist\u00e4 kuten verkkosivuilta, hakemistopalveluista ja muilta yrityksilt\u00e4.<\/p>\n\n\n\n<p><strong>7. Tietojen s\u00e4\u00e4nn\u00f6nmukaiset luovutukset ja tietojen siirto EU:n tai ETA:n ulkopuolelle<\/strong><br>Tietoja ei luovuteta s\u00e4\u00e4nn\u00f6nmukaisesti muille tahoille. Tietoja voidaan julkaista silt\u00e4 osin kuin niin on sovittu asiakkaan kanssa.<\/p>\n\n\n\n<p><strong>8. Rekisterin suojauksen periaatteet<\/strong><br>Rekisterin k\u00e4sittelyss\u00e4 noudatetaan huolellisuutta ja tietoj\u00e4rjestelmien avulla k\u00e4sitelt\u00e4v\u00e4t tiedot suojataan asianmukaisesti. Kun rekisteritietoja s\u00e4ilytet\u00e4\u00e4n Internet-palvelimilla, niiden laitteiston fyysisest\u00e4 ja digitaalisesta tietoturvasta huolehditaan asiaankuuluvasti. Rekisterinpit\u00e4j\u00e4 huolehtii siit\u00e4, ett\u00e4 tallennettuja tietoja sek\u00e4 palvelimien k\u00e4ytt\u00f6oikeuksia ja muita henkil\u00f6tietojen turvallisuuden kannalta kriittisi\u00e4 tietoja k\u00e4sitell\u00e4\u00e4n luottamuksellisesti ja vain niiden ty\u00f6ntekij\u00f6iden toimesta, joiden ty\u00f6nkuvaan se kuuluu.<\/p>\n\n\n\n<p><strong>9. Tarkastusoikeus ja oikeus vaatia tiedon korjaamista<\/strong><br>Jokaisella rekisteriss\u00e4 olevalla henkil\u00f6ll\u00e4 on oikeus tarkistaa rekisteriin tallennetut tietonsa ja vaatia mahdollisen virheellisen tiedon korjaamista tai puutteellisen tiedon t\u00e4ydent\u00e4mist\u00e4. Mik\u00e4li henkil\u00f6 haluaa tarkistaa h\u00e4nest\u00e4 tallennetut tiedot tai vaatia niihin oikaisua, pyynt\u00f6 tulee l\u00e4hett\u00e4\u00e4 kirjallisesti rekisterinpit\u00e4j\u00e4lle. Rekisterinpit\u00e4j\u00e4 voi pyyt\u00e4\u00e4 tarvittaessa pyynn\u00f6n esitt\u00e4j\u00e4\u00e4 todistamaan henkil\u00f6llisyytens\u00e4. Rekisterinpit\u00e4j\u00e4 vastaa asiakkaalle EU:n tietosuoja-asetuksessa s\u00e4\u00e4detyss\u00e4 ajassa (p\u00e4\u00e4s\u00e4\u00e4nt\u00f6isesti kuukauden kuluessa).<\/p>\n\n\n\n<p><strong>10. Muut henkil\u00f6tietojen k\u00e4sittelyyn liittyv\u00e4t oikeudet<\/strong><br>Rekisteriss\u00e4 olevalla henkil\u00f6ll\u00e4 on oikeus pyyt\u00e4\u00e4 h\u00e4nt\u00e4 koskevien henkil\u00f6tietojen poistamiseen rekisterist\u00e4 (&#8220;oikeus tulla unohdetuksi&#8221;). Niin ik\u00e4\u00e4n rekister\u00f6idyill\u00e4 on muut EU:n yleisen tietosuoja-asetuksen mukaiset oikeudet kuten henkil\u00f6tietojen k\u00e4sittelyn rajoittaminen tietyiss\u00e4 tilanteissa. Pyynn\u00f6t tulee l\u00e4hett\u00e4\u00e4 kirjallisesti rekisterinpit\u00e4j\u00e4lle. Rekisterinpit\u00e4j\u00e4 voi pyyt\u00e4\u00e4 tarvittaessa pyynn\u00f6n esitt\u00e4j\u00e4\u00e4 todistamaan henkil\u00f6llisyytens\u00e4. Rekisterinpit\u00e4j\u00e4 vastaa asiakkaalle EU:n tietosuoja-asetuksessa s\u00e4\u00e4detyss\u00e4 ajassa (p\u00e4\u00e4s\u00e4\u00e4nt\u00f6isesti kuukauden kuluessa).<\/p>\n<\/div><\/div>\n\n<\/div><\/div>\n\n\n<p><\/p>\n","protected":false},"excerpt":{"rendered":"<p>Tietosuojalauseke Laadittu 1.2.2025. | Viimeisin muutos 1.2.2025. T\u00e4m\u00e4 on Yrityksen EU:n yleisen tietosuoja-asetuksen (GDPR) mukainen rekisteri- ja tietosuojaseloste. 1. Rekisterinpit\u00e4j\u00e4Takku ja Rakit oy, Tuohiviita 15, 60150 Sein\u00e4joki 2. Rekisterist\u00e4 vastaava yhteyshenkil\u00f6Saara Takku, saara.takku@gmail.com, 0400664702&nbsp; 3. Rekisterin nimiYrityksen asiakas- ja markkinointirekisteri 4. Oikeusperuste ja henkil\u00f6tietojen k\u00e4sittelyn tarkoitusEU:n yleisen tietosuoja-asetuksen mukainen oikeusperuste henkil\u00f6tietojen k\u00e4sittelylle on henkil\u00f6n suostumus. Henkil\u00f6tietojen k\u00e4sittelyn tarkoitus on yhteydenpito asiakkaisiin, asiakassuhteen yll\u00e4pito, markkinointi tms. Tietoja ei k\u00e4ytet\u00e4 automatisoituun p\u00e4\u00e4t\u00f6ksentekoon tai profilointiin.&nbsp; 5. Rekisterin tietosis\u00e4lt\u00f6Rekisteriin tallennettavia tietoja ovat: henkil\u00f6n nimi, s\u00e4hk\u00f6postiosoite, tiedot tilatuista palveluista ja niiden muutoksista, laskutustiedot, muut asiakassuhteeseen ja tilattuihin palveluihin liittyv\u00e4t tiedot. Verkkosivuston vierailijoiden IP-osoitteita ja palvelun toiminnoille v\u00e4ltt\u00e4m\u00e4tt\u00f6mi\u00e4 ev\u00e4steit\u00e4 k\u00e4sitell\u00e4\u00e4n oikeutetun edun perusteella mm. tietoturvasta huolehtimiseksi ja sivuston vierailijoiden tilastotietojen keruuta varten niiss\u00e4 tapauksissa, kun niiden voidaan katsoa olevan henkil\u00f6tietoja. Kolmansien osapuolten ev\u00e4steille pyydet\u00e4\u00e4n tarvittaessa suostumus erikseen. 6. S\u00e4\u00e4nn\u00f6nmukaiset tietol\u00e4hteetRekisteriin tallennettavat tiedot saadaan asiakkaalta mm. www-lomakkeilla l\u00e4hetetyist\u00e4 viesteist\u00e4, s\u00e4hk\u00f6postitse, puhelimitse, sosiaalisen median palvelujen kautta, sopimuksista, asiakastapaamisista ja muista tilanteista, joissa asiakas luovuttaa tietojaan. Yritysten ja muiden organisaatioiden yhteyshenkil\u00f6iden tietoja voidaan ker\u00e4t\u00e4 my\u00f6s julkisista l\u00e4hteist\u00e4 kuten verkkosivuilta, hakemistopalveluista ja muilta yrityksilt\u00e4. 7. Tietojen s\u00e4\u00e4nn\u00f6nmukaiset luovutukset ja tietojen siirto EU:n tai ETA:n ulkopuolelleTietoja ei luovuteta s\u00e4\u00e4nn\u00f6nmukaisesti muille tahoille. Tietoja voidaan julkaista silt\u00e4 osin kuin niin on sovittu asiakkaan kanssa. 8. Rekisterin suojauksen periaatteetRekisterin k\u00e4sittelyss\u00e4 noudatetaan huolellisuutta ja tietoj\u00e4rjestelmien avulla k\u00e4sitelt\u00e4v\u00e4t tiedot suojataan asianmukaisesti. Kun rekisteritietoja s\u00e4ilytet\u00e4\u00e4n Internet-palvelimilla, niiden laitteiston fyysisest\u00e4 ja digitaalisesta tietoturvasta huolehditaan asiaankuuluvasti. Rekisterinpit\u00e4j\u00e4 huolehtii siit\u00e4, ett\u00e4 tallennettuja tietoja sek\u00e4 palvelimien k\u00e4ytt\u00f6oikeuksia ja muita henkil\u00f6tietojen turvallisuuden kannalta kriittisi\u00e4 tietoja k\u00e4sitell\u00e4\u00e4n luottamuksellisesti ja vain niiden ty\u00f6ntekij\u00f6iden toimesta, joiden ty\u00f6nkuvaan se kuuluu. 9. Tarkastusoikeus ja oikeus vaatia tiedon korjaamistaJokaisella rekisteriss\u00e4 olevalla henkil\u00f6ll\u00e4 on oikeus tarkistaa rekisteriin tallennetut tietonsa ja vaatia mahdollisen virheellisen tiedon korjaamista tai puutteellisen tiedon t\u00e4ydent\u00e4mist\u00e4. Mik\u00e4li henkil\u00f6 haluaa tarkistaa h\u00e4nest\u00e4 tallennetut tiedot tai vaatia niihin oikaisua, pyynt\u00f6 tulee l\u00e4hett\u00e4\u00e4 kirjallisesti rekisterinpit\u00e4j\u00e4lle. Rekisterinpit\u00e4j\u00e4 voi pyyt\u00e4\u00e4 tarvittaessa pyynn\u00f6n esitt\u00e4j\u00e4\u00e4 todistamaan henkil\u00f6llisyytens\u00e4. Rekisterinpit\u00e4j\u00e4 vastaa asiakkaalle EU:n tietosuoja-asetuksessa s\u00e4\u00e4detyss\u00e4 ajassa (p\u00e4\u00e4s\u00e4\u00e4nt\u00f6isesti kuukauden kuluessa). 10. Muut henkil\u00f6tietojen k\u00e4sittelyyn liittyv\u00e4t oikeudetRekisteriss\u00e4 olevalla henkil\u00f6ll\u00e4 on oikeus pyyt\u00e4\u00e4 h\u00e4nt\u00e4 koskevien henkil\u00f6tietojen poistamiseen rekisterist\u00e4 (&#8220;oikeus tulla unohdetuksi&#8221;). Niin ik\u00e4\u00e4n rekister\u00f6idyill\u00e4 on muut EU:n yleisen tietosuoja-asetuksen mukaiset oikeudet kuten henkil\u00f6tietojen k\u00e4sittelyn rajoittaminen tietyiss\u00e4 tilanteissa. Pyynn\u00f6t tulee l\u00e4hett\u00e4\u00e4 kirjallisesti rekisterinpit\u00e4j\u00e4lle. Rekisterinpit\u00e4j\u00e4 voi pyyt\u00e4\u00e4 tarvittaessa pyynn\u00f6n esitt\u00e4j\u00e4\u00e4 todistamaan henkil\u00f6llisyytens\u00e4. Rekisterinpit\u00e4j\u00e4 vastaa asiakkaalle EU:n tietosuoja-asetuksessa s\u00e4\u00e4detyss\u00e4 ajassa (p\u00e4\u00e4s\u00e4\u00e4nt\u00f6isesti kuukauden kuluessa).<\/p>","protected":false},"author":1,"featured_media":0,"parent":0,"menu_order":0,"comment_status":"closed","ping_status":"closed","template":"","meta":{"_eb_attr":"","_kad_post_transparent":"","_kad_post_title":"hide","_kad_post_layout":"fullwidth","_kad_post_sidebar_id":"","_kad_post_content_style":"unboxed","_kad_post_vertical_padding":"hide","_kad_post_feature":"hide","_kad_post_feature_position":"","_kad_post_header":false,"_kad_post_footer":false,"_kad_post_classname":"","footnotes":""},"class_list":["post-1644","page","type-page","status-publish","hentry"],"_links":{"self":[{"href":"https:\/\/takkujarakit.fi\/fi\/wp-json\/wp\/v2\/pages\/1644","targetHints":{"allow":["GET"]}}],"collection":[{"href":"https:\/\/takkujarakit.fi\/fi\/wp-json\/wp\/v2\/pages"}],"about":[{"href":"https:\/\/takkujarakit.fi\/fi\/wp-json\/wp\/v2\/types\/page"}],"author":[{"embeddable":true,"href":"https:\/\/takkujarakit.fi\/fi\/wp-json\/wp\/v2\/users\/1"}],"replies":[{"embeddable":true,"href":"https:\/\/takkujarakit.fi\/fi\/wp-json\/wp\/v2\/comments?post=1644"}],"version-history":[{"count":0,"href":"https:\/\/takkujarakit.fi\/fi\/wp-json\/wp\/v2\/pages\/1644\/revisions"}],"wp:attachment":[{"href":"https:\/\/takkujarakit.fi\/fi\/wp-json\/wp\/v2\/media?parent=1644"}],"curies":[{"name":"wp","href":"https:\/\/api.w.org\/{rel}","templated":true}]}}