{"id":1655,"date":"2025-02-01T17:28:04","date_gmt":"2025-02-01T17:28:04","guid":{"rendered":"https:\/\/takkujarakit.fi\/?page_id=1655"},"modified":"2025-02-04T19:24:45","modified_gmt":"2025-02-04T19:24:45","slug":"eettinenlauseke","status":"publish","type":"page","link":"https:\/\/takkujarakit.fi\/fi\/eettinenlauseke\/","title":{"rendered":"Eettinen lauseke"},"content":{"rendered":"<style>.kb-row-layout-id1655_a48cfa-dc > .kt-row-column-wrap{align-content:start;}:where(.kb-row-layout-id1655_a48cfa-dc > .kt-row-column-wrap) > .wp-block-kadence-column{justify-content:start;}.kb-row-layout-id1655_a48cfa-dc > .kt-row-column-wrap{column-gap:var(--global-kb-gap-md, 2rem);row-gap:var(--global-kb-gap-md, 2rem);max-width:var( --global-content-width, 1290px );padding-left:var(--global-content-edge-padding);padding-right:var(--global-content-edge-padding);padding-top:100px;padding-bottom:60px;grid-template-columns:minmax(0, 1fr);}.kb-row-layout-id1655_a48cfa-dc{box-shadow:0px 0px 14px 0px rgba(0, 0, 0, 0.2);border-bottom:1px solid rgba(0,143,114,0.57);}.kb-row-layout-id1655_a48cfa-dc{background-image:url('https:\/\/takkujarakit.fi\/wp-content\/uploads\/2025\/02\/otsikko1.jpg');background-size:cover;background-position:53% 14.000000000000002%;background-attachment:scroll;background-repeat:no-repeat;}.kb-row-layout-id1655_a48cfa-dc > .kt-row-layout-overlay{opacity:0.44;background:linear-gradient(190deg, rgba(248, 248, 248, 0.83) 0%, var(--global-palette8) 72%);}@media all and (max-width: 1024px){.kb-row-layout-id1655_a48cfa-dc > .kt-row-column-wrap{grid-template-columns:minmax(0, 1fr);}}@media all and (max-width: 1024px){.kb-row-layout-id1655_a48cfa-dc{border-bottom:1px solid rgba(0,143,114,0.57);}}@media all and (max-width: 767px){.kb-row-layout-id1655_a48cfa-dc > .kt-row-column-wrap{padding-top:var(--global-kb-spacing-md, 2rem);padding-bottom:40px;grid-template-columns:minmax(0, 1fr);}.kb-row-layout-id1655_a48cfa-dc{border-bottom:1px solid rgba(0,143,114,0.57);}}<\/style><div class=\"kb-row-layout-wrap kb-row-layout-id1655_a48cfa-dc alignnone has-theme-palette4-background-color kt-row-has-bg wp-block-kadence-rowlayout\"><div class=\"kt-row-layout-overlay kt-row-overlay-gradient\"><\/div><div class=\"kt-row-column-wrap kt-has-1-columns kt-row-layout-equal kt-tab-layout-inherit kt-mobile-layout-row kt-row-valign-top kb-theme-content-width\">\n<style>.kadence-column1655_4a34e4-8d > .kt-inside-inner-col,.kadence-column1655_4a34e4-8d > .kt-inside-inner-col:before{border-top-left-radius:0px;border-top-right-radius:0px;border-bottom-right-radius:0px;border-bottom-left-radius:0px;}.kadence-column1655_4a34e4-8d > .kt-inside-inner-col{column-gap:var(--global-kb-gap-sm, 1rem);}.kadence-column1655_4a34e4-8d > .kt-inside-inner-col{flex-direction:column;}.kadence-column1655_4a34e4-8d > .kt-inside-inner-col > .aligncenter{width:100%;}.kadence-column1655_4a34e4-8d > .kt-inside-inner-col:before{opacity:0.3;}.kadence-column1655_4a34e4-8d{position:relative;}@media all and (max-width: 1024px){.kadence-column1655_4a34e4-8d > .kt-inside-inner-col{flex-direction:column;justify-content:center;}}@media all and (max-width: 767px){.kadence-column1655_4a34e4-8d > .kt-inside-inner-col{flex-direction:column;justify-content:center;}}<\/style>\n<div class=\"wp-block-kadence-column kadence-column1655_4a34e4-8d inner-column-1\"><div class=\"kt-inside-inner-col\"><style>.wp-block-kadence-advancedheading.kt-adv-heading1655_9be547-c9, .wp-block-kadence-advancedheading.kt-adv-heading1655_9be547-c9[data-kb-block=\"kb-adv-heading1655_9be547-c9\"]{text-align:center;font-style:normal;}.wp-block-kadence-advancedheading.kt-adv-heading1655_9be547-c9 mark.kt-highlight, .wp-block-kadence-advancedheading.kt-adv-heading1655_9be547-c9[data-kb-block=\"kb-adv-heading1655_9be547-c9\"] mark.kt-highlight{font-style:normal;color:#f76a0c;-webkit-box-decoration-break:clone;box-decoration-break:clone;padding-top:0px;padding-right:0px;padding-bottom:0px;padding-left:0px;}.wp-block-kadence-advancedheading.kt-adv-heading1655_9be547-c9 img.kb-inline-image, .wp-block-kadence-advancedheading.kt-adv-heading1655_9be547-c9[data-kb-block=\"kb-adv-heading1655_9be547-c9\"] img.kb-inline-image{width:150px;vertical-align:baseline;}@media all and (max-width: 767px){.wp-block-kadence-advancedheading.kt-adv-heading1655_9be547-c9, .wp-block-kadence-advancedheading.kt-adv-heading1655_9be547-c9[data-kb-block=\"kb-adv-heading1655_9be547-c9\"]{font-size:var(--global-kb-font-size-xl, 3rem);}}<\/style>\n<h1 class=\"kt-adv-heading1655_9be547-c9 wp-block-kadence-advancedheading has-theme-palette-3-color has-text-color\" data-kb-block=\"kb-adv-heading1655_9be547-c9\">Eettinen lauseke<\/h1>\n\n\n\n<p>&nbsp; <\/p>\n<\/div><\/div>\n\n<\/div><\/div>\n\n<style>.kb-row-layout-id1655_b821f3-28 > .kt-row-column-wrap{align-content:start;}:where(.kb-row-layout-id1655_b821f3-28 > .kt-row-column-wrap) > .wp-block-kadence-column{justify-content:start;}.kb-row-layout-id1655_b821f3-28 > .kt-row-column-wrap{column-gap:var(--global-kb-gap-md, 2rem);row-gap:var(--global-kb-gap-md, 2rem);max-width:var( --global-content-width, 1290px );padding-left:var(--global-content-edge-padding);padding-right:var(--global-content-edge-padding);padding-top:80px;padding-bottom:80px;grid-template-columns:minmax(0, 1fr);}.kb-row-layout-id1655_b821f3-28 > .kt-row-layout-overlay{opacity:0.30;}@media all and (max-width: 1024px){.kb-row-layout-id1655_b821f3-28 > .kt-row-column-wrap{grid-template-columns:minmax(0, 1fr);}}@media all and (max-width: 767px){.kb-row-layout-id1655_b821f3-28 > .kt-row-column-wrap{padding-top:50px;padding-right:0px;padding-left:0px;grid-template-columns:minmax(0, 1fr);}}<\/style><div class=\"kb-row-layout-wrap kb-row-layout-id1655_b821f3-28 alignnone wp-block-kadence-rowlayout\"><div class=\"kt-row-column-wrap kt-has-1-columns kt-row-layout-equal kt-tab-layout-inherit kt-mobile-layout-row kt-row-valign-top kb-theme-content-width\">\n<style>.kadence-column1655_963fc4-b6 > .kt-inside-inner-col,.kadence-column1655_963fc4-b6 > .kt-inside-inner-col:before{border-top-left-radius:0px;border-top-right-radius:0px;border-bottom-right-radius:0px;border-bottom-left-radius:0px;}.kadence-column1655_963fc4-b6 > .kt-inside-inner-col{column-gap:var(--global-kb-gap-sm, 1rem);}.kadence-column1655_963fc4-b6 > .kt-inside-inner-col{flex-direction:column;}.kadence-column1655_963fc4-b6 > .kt-inside-inner-col > .aligncenter{width:100%;}.kadence-column1655_963fc4-b6 > .kt-inside-inner-col:before{opacity:0.3;}.kadence-column1655_963fc4-b6{position:relative;}@media all and (max-width: 1024px){.kadence-column1655_963fc4-b6 > .kt-inside-inner-col{flex-direction:column;justify-content:center;}}@media all and (max-width: 767px){.kadence-column1655_963fc4-b6 > .kt-inside-inner-col{flex-direction:column;justify-content:center;}.kadence-column1655_963fc4-b6, .kt-inside-inner-col > .kadence-column1655_963fc4-b6:not(.specificity){margin-right:20px;margin-left:20px;}}<\/style>\n<div class=\"wp-block-kadence-column kadence-column1655_963fc4-b6 inner-column-1\"><div class=\"kt-inside-inner-col\">\n<p>Yrityksen eettiset ohjeet noudattavat Suomen el\u00e4intenkouluttajat ry:n eettisi\u00e4 s\u00e4\u00e4nt\u00f6j\u00e4. Alkuper\u00e4iset s\u00e4\u00e4nn\u00f6t ovat n\u00e4ht\u00e4viss\u00e4 <a href=\"https:\/\/www.elaintenkouluttajat.com\/yhdistys\/463-2\/\"><em>yhdistyksen nettisivuilla. <\/em><\/a><\/p>\n\n\n\n<p>S\u00e4\u00e4nn\u00f6t nojaavat perusperiaatteisiin joissa huomioidaan vaitiolovelvollisuus, sek\u00e4 el\u00e4inten hyv\u00e4 kohtelu koulutuksen jokaisessa vaiheessa. Ohjeissa k\u00e4yd\u00e4\u00e4n l\u00e4pi oman tekemiseni itsest\u00e4\u00e4nselvyydet, kuten ett\u00e4 koulutuksessa painotetaan positiiviseen vahvistamiseen, ja siin\u00e4 ei tuoteta el\u00e4imelle kipua tai ep\u00e4mukavuutta.<\/p>\n\n\n\n<p>Yhdistyksen eettiset ohjeet ovat kattavat ja antavat raamit yrityksen toiminnalle. Toiminnassani pyrin viem\u00e4\u00e4n el\u00e4inten hyvinvoinnin niin pitk\u00e4lle, ett\u00e4 asiakkaan kanssa pohditaan koulutuksen tarkoituksenmukaisuutta ja j\u00e4rkevyytt\u00e4 niin el\u00e4imen kuin ohjaajankin hyvinvoinnin kannalta. El\u00e4imen terveydentilaan painotetaan sek\u00e4 hyvinvointikartoituksessa koulutuksen alkaessa, ett\u00e4 koulutuksen edetess\u00e4 jos el\u00e4imen k\u00e4yt\u00f6ksess\u00e4 huomataan muutoksia.<\/p>\n<\/div><\/div>\n\n\n<style>.kadence-column1655_95c449-53 > .kt-inside-inner-col{display:flex;}.kadence-column1655_95c449-53 > .kt-inside-inner-col,.kadence-column1655_95c449-53 > .kt-inside-inner-col:before{border-top-left-radius:0px;border-top-right-radius:0px;border-bottom-right-radius:0px;border-bottom-left-radius:0px;}.kadence-column1655_95c449-53 > .kt-inside-inner-col{row-gap:var(--global-kb-gap-sm, 1rem);column-gap:var(--global-kb-gap-sm, 1rem);}.kadence-column1655_95c449-53 > .kt-inside-inner-col{flex-direction:column;}.kadence-column1655_95c449-53 > .kt-inside-inner-col > .aligncenter{width:100%;}.kadence-column1655_95c449-53 > .kt-inside-inner-col:before{opacity:0.3;}.kadence-column1655_95c449-53{position:relative;}@media all and (max-width: 1024px){.kadence-column1655_95c449-53 > .kt-inside-inner-col{flex-direction:column;justify-content:center;}}@media all and (max-width: 767px){.kadence-column1655_95c449-53 > .kt-inside-inner-col{flex-direction:column;justify-content:center;}.kadence-column1655_95c449-53, .kt-inside-inner-col > .kadence-column1655_95c449-53:not(.specificity){margin-right:20px;margin-left:20px;}}<\/style>\n<div class=\"wp-block-kadence-column kadence-column1655_95c449-53 inner-column-1\"><div class=\"kt-inside-inner-col\"><style>.kb-row-layout-id1655_16fa46-d9 > .kt-row-column-wrap{align-content:start;}:where(.kb-row-layout-id1655_16fa46-d9 > .kt-row-column-wrap) > .wp-block-kadence-column{justify-content:start;}.kb-row-layout-id1655_16fa46-d9 > .kt-row-column-wrap{column-gap:var(--global-kb-gap-none, 0rem );row-gap:var(--global-kb-gap-md, 2rem);padding-top:0px;padding-right:0px;padding-bottom:0px;padding-left:0px;grid-template-columns:minmax(0, calc(45% - ((var(--global-kb-gap-none, 0rem ) * 1 )\/2)))minmax(0, calc(55% - ((var(--global-kb-gap-none, 0rem ) * 1 )\/2)));}.kb-row-layout-id1655_16fa46-d9 > .kt-row-layout-overlay{opacity:0.30;}@media all and (max-width: 1024px){.kb-row-layout-id1655_16fa46-d9 > .kt-row-column-wrap{grid-template-columns:repeat(2, minmax(0, 1fr));}}@media all and (max-width: 767px){.kb-row-layout-id1655_16fa46-d9 > .kt-row-column-wrap{grid-template-columns:minmax(0, 1fr);}}<\/style><div class=\"kb-row-layout-wrap kb-row-layout-id1655_16fa46-d9 alignnone wp-block-kadence-rowlayout\"><div class=\"kt-row-column-wrap kt-has-2-columns kt-row-layout-equal kt-tab-layout-inherit kt-mobile-layout-row kt-row-valign-top\">\n<style>.kadence-column1655_b27dce-eb > .kt-inside-inner-col{display:flex;}.kadence-column1655_b27dce-eb > .kt-inside-inner-col,.kadence-column1655_b27dce-eb > .kt-inside-inner-col:before{border-top-left-radius:0px;border-top-right-radius:0px;border-bottom-right-radius:0px;border-bottom-left-radius:0px;}.kadence-column1655_b27dce-eb > .kt-inside-inner-col{row-gap:var(--global-kb-gap-none, 0rem );column-gap:var(--global-kb-gap-sm, 1rem);}.kadence-column1655_b27dce-eb > .kt-inside-inner-col{flex-direction:column;}.kadence-column1655_b27dce-eb > .kt-inside-inner-col > .aligncenter{width:100%;}.kadence-column1655_b27dce-eb > .kt-inside-inner-col:before{opacity:0.3;}.kadence-column1655_b27dce-eb{position:relative;}@media all and (max-width: 1024px){.kadence-column1655_b27dce-eb > .kt-inside-inner-col{flex-direction:column;justify-content:center;}}@media all and (max-width: 767px){.kadence-column1655_b27dce-eb > .kt-inside-inner-col{flex-direction:column;justify-content:center;}}<\/style>\n<div class=\"wp-block-kadence-column kadence-column1655_b27dce-eb\"><div class=\"kt-inside-inner-col\"><div class=\"wp-block-image\">\n<figure class=\"aligncenter size-full is-resized has-custom-border\"><img decoding=\"async\" src=\"https:\/\/takkujarakit.fi\/wp-content\/uploads\/2025\/02\/koristetessu.jpg\" alt=\"\" class=\"wp-image-1775\" style=\"border-style:none;border-width:0px;border-radius:15px;width:500px\"\/><\/figure>\n<\/div><\/div><\/div>\n\n\n<style>.kadence-column1655_19a25b-71 > .kt-inside-inner-col{display:flex;}.kadence-column1655_19a25b-71 > .kt-inside-inner-col,.kadence-column1655_19a25b-71 > .kt-inside-inner-col:before{border-top-left-radius:0px;border-top-right-radius:0px;border-bottom-right-radius:0px;border-bottom-left-radius:0px;}.kadence-column1655_19a25b-71 > .kt-inside-inner-col{row-gap:var(--global-kb-gap-none, 0rem );column-gap:var(--global-kb-gap-sm, 1rem);}.kadence-column1655_19a25b-71 > .kt-inside-inner-col{flex-direction:column;}.kadence-column1655_19a25b-71 > .kt-inside-inner-col > .aligncenter{width:100%;}.kadence-column1655_19a25b-71 > .kt-inside-inner-col:before{opacity:0.3;}.kadence-column1655_19a25b-71{position:relative;}@media all and (max-width: 1024px){.kadence-column1655_19a25b-71 > .kt-inside-inner-col{flex-direction:column;justify-content:center;}}@media all and (max-width: 767px){.kadence-column1655_19a25b-71 > .kt-inside-inner-col{flex-direction:column;justify-content:center;}}<\/style>\n<div class=\"wp-block-kadence-column kadence-column1655_19a25b-71\"><div class=\"kt-inside-inner-col\">\n<p>Koska koulutustoiminta painottaa koirien kouluttamiseen, n\u00e4ist\u00e4 viel\u00e4 spesifisti toko-, rally-toko- ja palveluskoirien kouluttamiseen, antaa se itsess\u00e4\u00e4n muutaman lis\u00e4n\u00e4 huomioitavan asian.<\/p>\n\n\n\n<p>Kaikessa tekemisess\u00e4 tulee muistaa, ett\u00e4 harjoitukset t\u00e4ht\u00e4\u00e4v\u00e4t harrastuskoiran suoritukseen. Mik\u00e4\u00e4n tekeminen ei ole pakollista tai v\u00e4ltt\u00e4m\u00e4t\u00f6nt\u00e4, vaan kaikki teht\u00e4v\u00e4t ovat ihmisten keksimi\u00e4, eiv\u00e4tk\u00e4 ne perustu mihink\u00e4\u00e4n k\u00e4yt\u00e4nn\u00f6n asiaan. T\u00e4st\u00e4 syyst\u00e4 on t\u00e4rke\u00e4\u00e4 ottaa huomioon vakavuus jolla asiaan suhtaudutaan.<\/p>\n\n\n\n<p>Ensisijainen asia kaikessa tekemisess\u00e4 on, ett\u00e4 koiraharrastukset lis\u00e4\u00e4v\u00e4t sek\u00e4 koiran ett\u00e4 ohjaajan hyvinvointia. Jos jompikumpi n\u00e4ist\u00e4 ei t\u00e4yty, ei harrastamista ole j\u00e4rkev\u00e4\u00e4 tai mielek\u00e4st\u00e4 jatkaa.<\/p>\n<\/div><\/div>\n\n<\/div><\/div><\/div><\/div>\n\n\n<style>.kadence-column1655_c65c9a-4f > .kt-inside-inner-col,.kadence-column1655_c65c9a-4f > .kt-inside-inner-col:before{border-top-left-radius:0px;border-top-right-radius:0px;border-bottom-right-radius:0px;border-bottom-left-radius:0px;}.kadence-column1655_c65c9a-4f > .kt-inside-inner-col{column-gap:var(--global-kb-gap-sm, 1rem);}.kadence-column1655_c65c9a-4f > .kt-inside-inner-col{flex-direction:column;}.kadence-column1655_c65c9a-4f > .kt-inside-inner-col > .aligncenter{width:100%;}.kadence-column1655_c65c9a-4f > .kt-inside-inner-col:before{opacity:0.3;}.kadence-column1655_c65c9a-4f{position:relative;}@media all and (max-width: 1024px){.kadence-column1655_c65c9a-4f > .kt-inside-inner-col{flex-direction:column;justify-content:center;}}@media all and (max-width: 767px){.kadence-column1655_c65c9a-4f > .kt-inside-inner-col{flex-direction:column;justify-content:center;}.kadence-column1655_c65c9a-4f, .kt-inside-inner-col > .kadence-column1655_c65c9a-4f:not(.specificity){margin-right:20px;margin-left:20px;}}<\/style>\n<div class=\"wp-block-kadence-column kadence-column1655_c65c9a-4f inner-column-1\"><div class=\"kt-inside-inner-col\">\n<p>Kouluttamisessa pyrin huomioimaan my\u00f6s sen, ett\u00e4 lajitekniikkaa voi harjoitella ilman kilpailutavoitteita. Harrastajia ei painosteta koetilanteisiin jos se ei ole heille sopivaa, ja harjoitukset toteutetaan yht\u00e4 hyvin riippumatta koirakon tavoitteista. Kuitenkin samalla otetaan huomioon ohjaajan toiveet koulutuksen toteutuksessa, sek\u00e4 koiran taipumukset kyseiseen lajiin.<\/p>\n\n\n\n<p>Yrityksen eettisiss\u00e4 ohjeissa otetaan siis huomioon ns. itsest\u00e4\u00e4nselvyydet; vaitiolovelvollisuus, el\u00e4imen terveys, el\u00e4insuojelulaki, koulutusmenetelmien eettisyys ja ongelmatilanteiden ratkaisu. Kouluttajana olen valmis l\u00e4hett\u00e4m\u00e4\u00e4n koirakon eteenp\u00e4in kun omat taitoni eiv\u00e4t riit\u00e4. En voi painottaa liikaa, ett\u00e4 koiraharrastuksen tavoite on lis\u00e4t\u00e4 koirakon hyvinvointia.<\/p>\n\n\n\n<p>Harrastuslajien eettinen toteuttaminen luo omat lis\u00e4kysymyksens\u00e4 aiheeseen, sill\u00e4 koe- ja kilpailutoiminta on aina l\u00e4ht\u00f6isin ihmisest\u00e4. T\u00e4st\u00e4 huolimatta lajiharrastusta voi toteuttaa el\u00e4in edell\u00e4, ja siihen my\u00f6s pyrit\u00e4\u00e4n.<\/p>\n<\/div><\/div>\n\n<\/div><\/div>","protected":false},"excerpt":{"rendered":"<p>Eettinen lauseke &nbsp; Yrityksen eettiset ohjeet noudattavat Suomen el\u00e4intenkouluttajat ry:n eettisi\u00e4 s\u00e4\u00e4nt\u00f6j\u00e4. Alkuper\u00e4iset s\u00e4\u00e4nn\u00f6t ovat n\u00e4ht\u00e4viss\u00e4 yhdistyksen nettisivuilla. S\u00e4\u00e4nn\u00f6t nojaavat perusperiaatteisiin joissa huomioidaan vaitiolovelvollisuus, sek\u00e4 el\u00e4inten hyv\u00e4 kohtelu koulutuksen jokaisessa vaiheessa. Ohjeissa k\u00e4yd\u00e4\u00e4n l\u00e4pi oman tekemiseni itsest\u00e4\u00e4nselvyydet, kuten ett\u00e4 koulutuksessa painotetaan positiiviseen vahvistamiseen, ja siin\u00e4 ei tuoteta el\u00e4imelle kipua tai ep\u00e4mukavuutta. Yhdistyksen eettiset ohjeet ovat kattavat ja antavat raamit yrityksen toiminnalle. Toiminnassani pyrin viem\u00e4\u00e4n el\u00e4inten hyvinvoinnin niin pitk\u00e4lle, ett\u00e4 asiakkaan kanssa pohditaan koulutuksen tarkoituksenmukaisuutta ja j\u00e4rkevyytt\u00e4 niin el\u00e4imen kuin ohjaajankin hyvinvoinnin kannalta. El\u00e4imen terveydentilaan painotetaan sek\u00e4 hyvinvointikartoituksessa koulutuksen alkaessa, ett\u00e4 koulutuksen edetess\u00e4 jos el\u00e4imen k\u00e4yt\u00f6ksess\u00e4 huomataan muutoksia. Koska koulutustoiminta painottaa koirien kouluttamiseen, n\u00e4ist\u00e4 viel\u00e4 spesifisti toko-, rally-toko- ja palveluskoirien kouluttamiseen, antaa se itsess\u00e4\u00e4n muutaman lis\u00e4n\u00e4 huomioitavan asian. Kaikessa tekemisess\u00e4 tulee muistaa, ett\u00e4 harjoitukset t\u00e4ht\u00e4\u00e4v\u00e4t harrastuskoiran suoritukseen. Mik\u00e4\u00e4n tekeminen ei ole pakollista tai v\u00e4ltt\u00e4m\u00e4t\u00f6nt\u00e4, vaan kaikki teht\u00e4v\u00e4t ovat ihmisten keksimi\u00e4, eiv\u00e4tk\u00e4 ne perustu mihink\u00e4\u00e4n k\u00e4yt\u00e4nn\u00f6n asiaan. T\u00e4st\u00e4 syyst\u00e4 on t\u00e4rke\u00e4\u00e4 ottaa huomioon vakavuus jolla asiaan suhtaudutaan. Ensisijainen asia kaikessa tekemisess\u00e4 on, ett\u00e4 koiraharrastukset lis\u00e4\u00e4v\u00e4t sek\u00e4 koiran ett\u00e4 ohjaajan hyvinvointia. Jos jompikumpi n\u00e4ist\u00e4 ei t\u00e4yty, ei harrastamista ole j\u00e4rkev\u00e4\u00e4 tai mielek\u00e4st\u00e4 jatkaa. Kouluttamisessa pyrin huomioimaan my\u00f6s sen, ett\u00e4 lajitekniikkaa voi harjoitella ilman kilpailutavoitteita. Harrastajia ei painosteta koetilanteisiin jos se ei ole heille sopivaa, ja harjoitukset toteutetaan yht\u00e4 hyvin riippumatta koirakon tavoitteista. Kuitenkin samalla otetaan huomioon ohjaajan toiveet koulutuksen toteutuksessa, sek\u00e4 koiran taipumukset kyseiseen lajiin. Yrityksen eettisiss\u00e4 ohjeissa otetaan siis huomioon ns. itsest\u00e4\u00e4nselvyydet; vaitiolovelvollisuus, el\u00e4imen terveys, el\u00e4insuojelulaki, koulutusmenetelmien eettisyys ja ongelmatilanteiden ratkaisu. Kouluttajana olen valmis l\u00e4hett\u00e4m\u00e4\u00e4n koirakon eteenp\u00e4in kun omat taitoni eiv\u00e4t riit\u00e4. En voi painottaa liikaa, ett\u00e4 koiraharrastuksen tavoite on lis\u00e4t\u00e4 koirakon hyvinvointia. Harrastuslajien eettinen toteuttaminen luo omat lis\u00e4kysymyksens\u00e4 aiheeseen, sill\u00e4 koe- ja kilpailutoiminta on aina l\u00e4ht\u00f6isin ihmisest\u00e4. T\u00e4st\u00e4 huolimatta lajiharrastusta voi toteuttaa el\u00e4in edell\u00e4, ja siihen my\u00f6s pyrit\u00e4\u00e4n.<\/p>","protected":false},"author":1,"featured_media":0,"parent":0,"menu_order":0,"comment_status":"closed","ping_status":"closed","template":"","meta":{"_eb_attr":"","_kad_post_transparent":"","_kad_post_title":"hide","_kad_post_layout":"fullwidth","_kad_post_sidebar_id":"","_kad_post_content_style":"unboxed","_kad_post_vertical_padding":"hide","_kad_post_feature":"hide","_kad_post_feature_position":"","_kad_post_header":false,"_kad_post_footer":false,"_kad_post_classname":"","footnotes":""},"class_list":["post-1655","page","type-page","status-publish","hentry"],"_links":{"self":[{"href":"https:\/\/takkujarakit.fi\/fi\/wp-json\/wp\/v2\/pages\/1655","targetHints":{"allow":["GET"]}}],"collection":[{"href":"https:\/\/takkujarakit.fi\/fi\/wp-json\/wp\/v2\/pages"}],"about":[{"href":"https:\/\/takkujarakit.fi\/fi\/wp-json\/wp\/v2\/types\/page"}],"author":[{"embeddable":true,"href":"https:\/\/takkujarakit.fi\/fi\/wp-json\/wp\/v2\/users\/1"}],"replies":[{"embeddable":true,"href":"https:\/\/takkujarakit.fi\/fi\/wp-json\/wp\/v2\/comments?post=1655"}],"version-history":[{"count":0,"href":"https:\/\/takkujarakit.fi\/fi\/wp-json\/wp\/v2\/pages\/1655\/revisions"}],"wp:attachment":[{"href":"https:\/\/takkujarakit.fi\/fi\/wp-json\/wp\/v2\/media?parent=1655"}],"curies":[{"name":"wp","href":"https:\/\/api.w.org\/{rel}","templated":true}]}}