{"id":41,"date":"2021-12-08T11:42:06","date_gmt":"2021-12-08T11:42:06","guid":{"rendered":"https:\/\/kadence.pixel-show.com\/outdoor-shop\/?page_id=20"},"modified":"2025-02-04T19:56:20","modified_gmt":"2025-02-04T19:56:20","slug":"ehdot","status":"publish","type":"page","link":"https:\/\/takkujarakit.fi\/fi\/ehdot\/","title":{"rendered":"Ehdot"},"content":{"rendered":"<style>.kb-row-layout-id41_ca6069-82 > .kt-row-column-wrap{align-content:start;}:where(.kb-row-layout-id41_ca6069-82 > .kt-row-column-wrap) > .wp-block-kadence-column{justify-content:start;}.kb-row-layout-id41_ca6069-82 > .kt-row-column-wrap{column-gap:var(--global-kb-gap-md, 2rem);row-gap:var(--global-kb-gap-md, 2rem);max-width:var( --global-content-width, 1290px );padding-left:var(--global-content-edge-padding);padding-right:var(--global-content-edge-padding);padding-top:100px;padding-bottom:60px;grid-template-columns:minmax(0, 1fr);}.kb-row-layout-id41_ca6069-82{box-shadow:0px 0px 14px 0px rgba(0, 0, 0, 0.2);border-bottom:1px solid rgba(0,143,114,0.57);}.kb-row-layout-id41_ca6069-82{background-image:url('https:\/\/takkujarakit.fi\/wp-content\/uploads\/2025\/02\/koriste1.jpg');background-size:cover;background-position:45% 15%;background-attachment:scroll;background-repeat:no-repeat;}.kb-row-layout-id41_ca6069-82 > .kt-row-layout-overlay{opacity:0.60;background:linear-gradient(190deg, rgba(248, 248, 248, 0.83) 0%, var(--global-palette8) 72%);}@media all and (max-width: 1024px){.kb-row-layout-id41_ca6069-82 > .kt-row-column-wrap{grid-template-columns:minmax(0, 1fr);}}@media all and (max-width: 1024px){.kb-row-layout-id41_ca6069-82{border-bottom:1px solid rgba(0,143,114,0.57);}}@media all and (max-width: 767px){.kb-row-layout-id41_ca6069-82 > .kt-row-column-wrap{padding-top:var(--global-kb-spacing-md, 2rem);padding-bottom:0px;grid-template-columns:minmax(0, 1fr);}.kb-row-layout-id41_ca6069-82{border-bottom:1px solid rgba(0,143,114,0.57);}}<\/style><div class=\"kb-row-layout-wrap kb-row-layout-id41_ca6069-82 alignnone has-theme-palette4-background-color kt-row-has-bg wp-block-kadence-rowlayout\"><div class=\"kt-row-layout-overlay kt-row-overlay-gradient\"><\/div><div class=\"kt-row-column-wrap kt-has-1-columns kt-row-layout-equal kt-tab-layout-inherit kt-mobile-layout-row kt-row-valign-top kb-theme-content-width\">\n<style>.kadence-column41_f61b9f-38 > .kt-inside-inner-col,.kadence-column41_f61b9f-38 > .kt-inside-inner-col:before{border-top-left-radius:0px;border-top-right-radius:0px;border-bottom-right-radius:0px;border-bottom-left-radius:0px;}.kadence-column41_f61b9f-38 > .kt-inside-inner-col{column-gap:var(--global-kb-gap-sm, 1rem);}.kadence-column41_f61b9f-38 > .kt-inside-inner-col{flex-direction:column;}.kadence-column41_f61b9f-38 > .kt-inside-inner-col > .aligncenter{width:100%;}.kadence-column41_f61b9f-38 > .kt-inside-inner-col:before{opacity:0.3;}.kadence-column41_f61b9f-38{position:relative;}@media all and (max-width: 1024px){.kadence-column41_f61b9f-38 > .kt-inside-inner-col{flex-direction:column;justify-content:center;}}@media all and (max-width: 767px){.kadence-column41_f61b9f-38 > .kt-inside-inner-col{flex-direction:column;justify-content:center;}}<\/style>\n<div class=\"wp-block-kadence-column kadence-column41_f61b9f-38 inner-column-1\"><div class=\"kt-inside-inner-col\"><style>.wp-block-kadence-advancedheading.kt-adv-heading41_6bbe65-cb, .wp-block-kadence-advancedheading.kt-adv-heading41_6bbe65-cb[data-kb-block=\"kb-adv-heading41_6bbe65-cb\"]{text-align:center;font-style:normal;}.wp-block-kadence-advancedheading.kt-adv-heading41_6bbe65-cb mark.kt-highlight, .wp-block-kadence-advancedheading.kt-adv-heading41_6bbe65-cb[data-kb-block=\"kb-adv-heading41_6bbe65-cb\"] mark.kt-highlight{font-style:normal;color:#f76a0c;-webkit-box-decoration-break:clone;box-decoration-break:clone;padding-top:0px;padding-right:0px;padding-bottom:0px;padding-left:0px;}.wp-block-kadence-advancedheading.kt-adv-heading41_6bbe65-cb img.kb-inline-image, .wp-block-kadence-advancedheading.kt-adv-heading41_6bbe65-cb[data-kb-block=\"kb-adv-heading41_6bbe65-cb\"] img.kb-inline-image{width:150px;vertical-align:baseline;}@media all and (max-width: 767px){.wp-block-kadence-advancedheading.kt-adv-heading41_6bbe65-cb, .wp-block-kadence-advancedheading.kt-adv-heading41_6bbe65-cb[data-kb-block=\"kb-adv-heading41_6bbe65-cb\"]{font-size:var(--global-kb-font-size-xl, 3rem);}}<\/style>\n<h1 class=\"kt-adv-heading41_6bbe65-cb wp-block-kadence-advancedheading has-theme-palette-3-color has-text-color\" data-kb-block=\"kb-adv-heading41_6bbe65-cb\">tilausEhdot<\/h1>\n\n\n<style>.wp-block-kadence-advancedheading.kt-adv-heading41_f2d907-96, .wp-block-kadence-advancedheading.kt-adv-heading41_f2d907-96[data-kb-block=\"kb-adv-heading41_f2d907-96\"]{margin-bottom:60px;text-align:center;font-style:normal;text-shadow:1px 1px 1px rgba(0, 0, 0, 0.2);}.wp-block-kadence-advancedheading.kt-adv-heading41_f2d907-96 mark.kt-highlight, .wp-block-kadence-advancedheading.kt-adv-heading41_f2d907-96[data-kb-block=\"kb-adv-heading41_f2d907-96\"] mark.kt-highlight{font-style:normal;color:#f76a0c;-webkit-box-decoration-break:clone;box-decoration-break:clone;padding-top:0px;padding-right:0px;padding-bottom:0px;padding-left:0px;}.wp-block-kadence-advancedheading.kt-adv-heading41_f2d907-96 img.kb-inline-image, .wp-block-kadence-advancedheading.kt-adv-heading41_f2d907-96[data-kb-block=\"kb-adv-heading41_f2d907-96\"] img.kb-inline-image{width:150px;vertical-align:baseline;}@media all and (max-width: 1024px){.wp-block-kadence-advancedheading.kt-adv-heading41_f2d907-96, .wp-block-kadence-advancedheading.kt-adv-heading41_f2d907-96[data-kb-block=\"kb-adv-heading41_f2d907-96\"]{text-shadow:1px 1px 1px rgba(0, 0, 0, 0.2);}}@media all and (max-width: 767px){.wp-block-kadence-advancedheading.kt-adv-heading41_f2d907-96, .wp-block-kadence-advancedheading.kt-adv-heading41_f2d907-96[data-kb-block=\"kb-adv-heading41_f2d907-96\"]{text-shadow:1px 1px 1px rgba(0, 0, 0, 0.2);}}<\/style>\n<p class=\"kt-adv-heading41_f2d907-96 wp-block-kadence-advancedheading has-theme-palette-3-color has-text-color\" data-kb-block=\"kb-adv-heading41_f2d907-96\">Jotta kaikilla olisi turvallisempi mieli, luethan ehdot huolella ennen palvelun tilaamista.<\/p>\n<\/div><\/div>\n\n<\/div><\/div>\n\n<style>.kb-row-layout-id41_d30424-bb > .kt-row-column-wrap{align-content:start;}:where(.kb-row-layout-id41_d30424-bb > .kt-row-column-wrap) > .wp-block-kadence-column{justify-content:start;}.kb-row-layout-id41_d30424-bb > .kt-row-column-wrap{column-gap:var(--global-kb-gap-md, 2rem);row-gap:var(--global-kb-gap-md, 2rem);max-width:var( --global-content-width, 1290px );padding-left:var(--global-content-edge-padding);padding-right:var(--global-content-edge-padding);padding-top:80px;padding-bottom:80px;grid-template-columns:minmax(0, 1fr);}.kb-row-layout-id41_d30424-bb > .kt-row-layout-overlay{opacity:0.30;}@media all and (max-width: 1024px){.kb-row-layout-id41_d30424-bb > .kt-row-column-wrap{grid-template-columns:minmax(0, 1fr);}}@media all and (max-width: 767px){.kb-row-layout-id41_d30424-bb > .kt-row-column-wrap{padding-top:50px;padding-right:0px;padding-left:0px;grid-template-columns:minmax(0, 1fr);}}<\/style><div class=\"kb-row-layout-wrap kb-row-layout-id41_d30424-bb alignnone wp-block-kadence-rowlayout\"><div class=\"kt-row-column-wrap kt-has-1-columns kt-row-layout-equal kt-tab-layout-inherit kt-mobile-layout-row kt-row-valign-top kb-theme-content-width\">\n<style>.kadence-column41_c9d77b-49 > .kt-inside-inner-col,.kadence-column41_c9d77b-49 > .kt-inside-inner-col:before{border-top-left-radius:0px;border-top-right-radius:0px;border-bottom-right-radius:0px;border-bottom-left-radius:0px;}.kadence-column41_c9d77b-49 > .kt-inside-inner-col{column-gap:var(--global-kb-gap-sm, 1rem);}.kadence-column41_c9d77b-49 > .kt-inside-inner-col{flex-direction:column;}.kadence-column41_c9d77b-49 > .kt-inside-inner-col > .aligncenter{width:100%;}.kadence-column41_c9d77b-49 > .kt-inside-inner-col:before{opacity:0.3;}.kadence-column41_c9d77b-49{position:relative;}@media all and (max-width: 1024px){.kadence-column41_c9d77b-49 > .kt-inside-inner-col{flex-direction:column;justify-content:center;}}@media all and (max-width: 767px){.kadence-column41_c9d77b-49 > .kt-inside-inner-col{flex-direction:column;justify-content:center;}.kadence-column41_c9d77b-49, .kt-inside-inner-col > .kadence-column41_c9d77b-49:not(.specificity){margin-right:20px;margin-left:20px;}}<\/style>\n<div class=\"wp-block-kadence-column kadence-column41_c9d77b-49 inner-column-1\"><div class=\"kt-inside-inner-col\"><style>.wp-block-kadence-advancedheading.kt-adv-heading41_816d4a-6d, .wp-block-kadence-advancedheading.kt-adv-heading41_816d4a-6d[data-kb-block=\"kb-adv-heading41_816d4a-6d\"]{font-style:normal;}.wp-block-kadence-advancedheading.kt-adv-heading41_816d4a-6d mark.kt-highlight, .wp-block-kadence-advancedheading.kt-adv-heading41_816d4a-6d[data-kb-block=\"kb-adv-heading41_816d4a-6d\"] mark.kt-highlight{font-style:normal;color:#f76a0c;-webkit-box-decoration-break:clone;box-decoration-break:clone;padding-top:0px;padding-right:0px;padding-bottom:0px;padding-left:0px;}.wp-block-kadence-advancedheading.kt-adv-heading41_816d4a-6d img.kb-inline-image, .wp-block-kadence-advancedheading.kt-adv-heading41_816d4a-6d[data-kb-block=\"kb-adv-heading41_816d4a-6d\"] img.kb-inline-image{width:150px;vertical-align:baseline;}<\/style>\n<h3 class=\"kt-adv-heading41_816d4a-6d wp-block-kadence-advancedheading has-theme-palette-3-color has-text-color\" data-kb-block=\"kb-adv-heading41_816d4a-6d\">Yleiset ehdot<\/h3>\n\n\n\n<p>Koiran omistaja tai haltija on aina vastuussa koiran turvallisuudesta sek\u00e4 mahdollisista esine-,  el\u00e4in- tai henkil\u00f6vahingoista.<br><br>Koulutukseen osallistuvan koiran on oltava terve ja rokotuksissaan ajan tasalla. Koulutukseen eiv\u00e4t saa osallistua Maa- ja mets\u00e4talousministeri\u00f6n asetuksen mukaisesti typistetyt koirat.<\/p>\n\n\n\n<p>Takku ja Rakit oy ei korvaa mahdollisia koulutuspaikalla tai sen v\u00e4litt\u00f6m\u00e4ss\u00e4 ymp\u00e4rist\u00f6ss\u00e4 tapahtuneita vahinkoja koiran omistajalle.<\/p>\n\n\n\n<p>Ilmoittautuessasi koulutukseen sitoudut n\u00e4ihin ehtoihin.<\/p>\n\n\n<style>.wp-block-kadence-advancedheading.kt-adv-heading41_96b6e6-fc, .wp-block-kadence-advancedheading.kt-adv-heading41_96b6e6-fc[data-kb-block=\"kb-adv-heading41_96b6e6-fc\"]{font-style:normal;}.wp-block-kadence-advancedheading.kt-adv-heading41_96b6e6-fc mark.kt-highlight, .wp-block-kadence-advancedheading.kt-adv-heading41_96b6e6-fc[data-kb-block=\"kb-adv-heading41_96b6e6-fc\"] mark.kt-highlight{font-style:normal;color:#f76a0c;-webkit-box-decoration-break:clone;box-decoration-break:clone;padding-top:0px;padding-right:0px;padding-bottom:0px;padding-left:0px;}.wp-block-kadence-advancedheading.kt-adv-heading41_96b6e6-fc img.kb-inline-image, .wp-block-kadence-advancedheading.kt-adv-heading41_96b6e6-fc[data-kb-block=\"kb-adv-heading41_96b6e6-fc\"] img.kb-inline-image{width:150px;vertical-align:baseline;}<\/style>\n<h3 class=\"kt-adv-heading41_96b6e6-fc wp-block-kadence-advancedheading\" data-kb-block=\"kb-adv-heading41_96b6e6-fc\">Muutokset<\/h3>\n\n\n\n<p>Pid\u00e4t\u00e4mme oikeuden muutoksiin koulutusten aikatauluissa, korvaavissa kouluttajissa ja sijainneissa, sek\u00e4 koulutusten peruuttamisessa. Muutoksista pyrit\u00e4\u00e4n ilmoittamaan ajoissa, kuitenkin viimeist\u00e4\u00e4n edellisen\u00e4 p\u00e4iv\u00e4n\u00e4.<\/p>\n<\/div><\/div>\n\n\n<style>.kadence-column41_7909dc-46 > .kt-inside-inner-col,.kadence-column41_7909dc-46 > .kt-inside-inner-col:before{border-top-left-radius:0px;border-top-right-radius:0px;border-bottom-right-radius:0px;border-bottom-left-radius:0px;}.kadence-column41_7909dc-46 > .kt-inside-inner-col{column-gap:var(--global-kb-gap-sm, 1rem);}.kadence-column41_7909dc-46 > .kt-inside-inner-col{flex-direction:column;}.kadence-column41_7909dc-46 > .kt-inside-inner-col > .aligncenter{width:100%;}.kadence-column41_7909dc-46 > .kt-inside-inner-col:before{opacity:0.3;}.kadence-column41_7909dc-46{position:relative;}@media all and (max-width: 1024px){.kadence-column41_7909dc-46 > .kt-inside-inner-col{flex-direction:column;justify-content:center;}}@media all and (max-width: 767px){.kadence-column41_7909dc-46 > .kt-inside-inner-col{flex-direction:column;justify-content:center;}.kadence-column41_7909dc-46, .kt-inside-inner-col > .kadence-column41_7909dc-46:not(.specificity){margin-right:20px;margin-left:20px;}}<\/style>\n<div class=\"wp-block-kadence-column kadence-column41_7909dc-46 inner-column-1\"><div class=\"kt-inside-inner-col\"><style>.kb-row-layout-id41_bbdd4a-21 > .kt-row-column-wrap{align-content:start;}:where(.kb-row-layout-id41_bbdd4a-21 > .kt-row-column-wrap) > .wp-block-kadence-column{justify-content:start;}.kb-row-layout-id41_bbdd4a-21 > .kt-row-column-wrap{column-gap:var(--global-kb-gap-md, 2rem);row-gap:var(--global-kb-gap-md, 2rem);padding-top:0px;padding-right:0px;padding-bottom:0px;padding-left:0px;grid-template-columns:minmax(0, calc(55% - ((var(--global-kb-gap-md, 2rem) * 1 )\/2)))minmax(0, calc(45% - ((var(--global-kb-gap-md, 2rem) * 1 )\/2)));}.kb-row-layout-id41_bbdd4a-21 > .kt-row-layout-overlay{opacity:0.30;}@media all and (max-width: 1024px){.kb-row-layout-id41_bbdd4a-21 > .kt-row-column-wrap{grid-template-columns:repeat(2, minmax(0, 1fr));}}@media all and (max-width: 767px){.kb-row-layout-id41_bbdd4a-21 > .kt-row-column-wrap{grid-template-columns:minmax(0, 1fr);}}<\/style><div class=\"kb-row-layout-wrap kb-row-layout-id41_bbdd4a-21 alignnone wp-block-kadence-rowlayout\"><div class=\"kt-row-column-wrap kt-has-2-columns kt-row-layout-equal kt-tab-layout-inherit kt-mobile-layout-row kt-row-valign-top\">\n<style>.kadence-column41_c22875-c4 > .kt-inside-inner-col,.kadence-column41_c22875-c4 > .kt-inside-inner-col:before{border-top-left-radius:0px;border-top-right-radius:0px;border-bottom-right-radius:0px;border-bottom-left-radius:0px;}.kadence-column41_c22875-c4 > .kt-inside-inner-col{column-gap:var(--global-kb-gap-sm, 1rem);}.kadence-column41_c22875-c4 > .kt-inside-inner-col{flex-direction:column;}.kadence-column41_c22875-c4 > .kt-inside-inner-col > .aligncenter{width:100%;}.kadence-column41_c22875-c4 > .kt-inside-inner-col:before{opacity:0.3;}.kadence-column41_c22875-c4{position:relative;}@media all and (max-width: 1024px){.kadence-column41_c22875-c4 > .kt-inside-inner-col{flex-direction:column;justify-content:center;}}@media all and (max-width: 767px){.kadence-column41_c22875-c4 > .kt-inside-inner-col{flex-direction:column;justify-content:center;}}<\/style>\n<div class=\"wp-block-kadence-column kadence-column41_c22875-c4\"><div class=\"kt-inside-inner-col\"><style>.wp-block-kadence-advancedheading.kt-adv-heading41_ae0dd1-48, .wp-block-kadence-advancedheading.kt-adv-heading41_ae0dd1-48[data-kb-block=\"kb-adv-heading41_ae0dd1-48\"]{font-style:normal;}.wp-block-kadence-advancedheading.kt-adv-heading41_ae0dd1-48 mark.kt-highlight, .wp-block-kadence-advancedheading.kt-adv-heading41_ae0dd1-48[data-kb-block=\"kb-adv-heading41_ae0dd1-48\"] mark.kt-highlight{font-style:normal;color:#f76a0c;-webkit-box-decoration-break:clone;box-decoration-break:clone;padding-top:0px;padding-right:0px;padding-bottom:0px;padding-left:0px;}.wp-block-kadence-advancedheading.kt-adv-heading41_ae0dd1-48 img.kb-inline-image, .wp-block-kadence-advancedheading.kt-adv-heading41_ae0dd1-48[data-kb-block=\"kb-adv-heading41_ae0dd1-48\"] img.kb-inline-image{width:150px;vertical-align:baseline;}<\/style>\n<h3 class=\"kt-adv-heading41_ae0dd1-48 wp-block-kadence-advancedheading\" data-kb-block=\"kb-adv-heading41_ae0dd1-48\">Peruutusehto<\/h3>\n\n\n\n<p>14 vrk ennen koulutuksen alkamista, sek\u00e4 aiemmin tehdyt peruutukset ovat maksuttomia. T\u00e4m\u00e4n j\u00e4lkeen tehdyist\u00e4 peruutuksista perit\u00e4\u00e4n 50 % hinnasta. Jos koulutus perutaan sen jo alettua, maksua ei palauteta.<\/p>\n\n\n\n<p>Jos koulutus peruuntuu kouluttajasta johtuvista syist\u00e4, pyrit\u00e4\u00e4n kerta ensisijaisesti korvaamaan toisella treenikerralla. Jos asiakas on estynyt saapumasta koulutukseen, kertoja ei korvata. El\u00e4inl\u00e4\u00e4k\u00e4rin- tai l\u00e4\u00e4k\u00e4rintodistusta vastaan on kuitenkin mahdollista siirt\u00e4\u00e4 k\u00e4ytt\u00e4m\u00e4tt\u00f6m\u00e4t koulutukset. Todistukset on toimitettava viikon kuluessa kyseisest\u00e4 koulutuskerrasta.<\/p>\n\n\n\n<p>Kaikki peruutukset tulee tehd\u00e4 kirjallisesti.<\/p>\n<\/div><\/div>\n\n\n<style>.kadence-column41_30f9fc-76 > .kt-inside-inner-col,.kadence-column41_30f9fc-76 > .kt-inside-inner-col:before{border-top-left-radius:0px;border-top-right-radius:0px;border-bottom-right-radius:0px;border-bottom-left-radius:0px;}.kadence-column41_30f9fc-76 > .kt-inside-inner-col{column-gap:var(--global-kb-gap-sm, 1rem);}.kadence-column41_30f9fc-76 > .kt-inside-inner-col{flex-direction:column;}.kadence-column41_30f9fc-76 > .kt-inside-inner-col > .aligncenter{width:100%;}.kadence-column41_30f9fc-76 > .kt-inside-inner-col:before{opacity:0.3;}.kadence-column41_30f9fc-76{position:relative;}@media all and (max-width: 1024px){.kadence-column41_30f9fc-76 > .kt-inside-inner-col{flex-direction:column;justify-content:center;}}@media all and (max-width: 767px){.kadence-column41_30f9fc-76 > .kt-inside-inner-col{flex-direction:column;justify-content:center;}}<\/style>\n<div class=\"wp-block-kadence-column kadence-column41_30f9fc-76\"><div class=\"kt-inside-inner-col\"><div class=\"wp-block-image\">\n<figure class=\"aligncenter size-full is-resized has-custom-border\"><img decoding=\"async\" src=\"https:\/\/takkujarakit.fi\/wp-content\/uploads\/2025\/02\/koristekettunen.jpg\" alt=\"\" class=\"wp-image-1772\" style=\"border-style:none;border-width:0px;border-radius:15px;width:500px\"\/><\/figure>\n<\/div><\/div><\/div>\n\n<\/div><\/div><\/div><\/div>\n\n\n<style>.kadence-column41_3020ba-9f > .kt-inside-inner-col,.kadence-column41_3020ba-9f > .kt-inside-inner-col:before{border-top-left-radius:0px;border-top-right-radius:0px;border-bottom-right-radius:0px;border-bottom-left-radius:0px;}.kadence-column41_3020ba-9f > .kt-inside-inner-col{column-gap:var(--global-kb-gap-sm, 1rem);}.kadence-column41_3020ba-9f > .kt-inside-inner-col{flex-direction:column;}.kadence-column41_3020ba-9f > .kt-inside-inner-col > .aligncenter{width:100%;}.kadence-column41_3020ba-9f > .kt-inside-inner-col:before{opacity:0.3;}.kadence-column41_3020ba-9f{position:relative;}@media all and (max-width: 1024px){.kadence-column41_3020ba-9f > .kt-inside-inner-col{flex-direction:column;justify-content:center;}}@media all and (max-width: 767px){.kadence-column41_3020ba-9f > .kt-inside-inner-col{flex-direction:column;justify-content:center;}.kadence-column41_3020ba-9f, .kt-inside-inner-col > .kadence-column41_3020ba-9f:not(.specificity){margin-right:20px;margin-left:20px;}}<\/style>\n<div class=\"wp-block-kadence-column kadence-column41_3020ba-9f inner-column-1\"><div class=\"kt-inside-inner-col\"><style>.wp-block-kadence-advancedheading.kt-adv-heading41_cb76a2-b7, .wp-block-kadence-advancedheading.kt-adv-heading41_cb76a2-b7[data-kb-block=\"kb-adv-heading41_cb76a2-b7\"]{font-style:normal;}.wp-block-kadence-advancedheading.kt-adv-heading41_cb76a2-b7 mark.kt-highlight, .wp-block-kadence-advancedheading.kt-adv-heading41_cb76a2-b7[data-kb-block=\"kb-adv-heading41_cb76a2-b7\"] mark.kt-highlight{font-style:normal;color:#f76a0c;-webkit-box-decoration-break:clone;box-decoration-break:clone;padding-top:0px;padding-right:0px;padding-bottom:0px;padding-left:0px;}.wp-block-kadence-advancedheading.kt-adv-heading41_cb76a2-b7 img.kb-inline-image, .wp-block-kadence-advancedheading.kt-adv-heading41_cb76a2-b7[data-kb-block=\"kb-adv-heading41_cb76a2-b7\"] img.kb-inline-image{width:150px;vertical-align:baseline;}<\/style>\n<h3 class=\"kt-adv-heading41_cb76a2-b7 wp-block-kadence-advancedheading\" data-kb-block=\"kb-adv-heading41_cb76a2-b7\">Tyytyv\u00e4isyystakuu<\/h3>\n\n\n\n<p>Valmennuksen alettua 14vrk ajan on voimassa tyytyv\u00e4isyystakuu, jolloin maksu palautetaan tai lasku perutaan kuluitta. Ehtona asiakkaan palaute ja perustelut siit\u00e4, mik\u00e4 palvelussa ja koulutuksessa olisi tullut toteuttaa toisin, jotta peruutusta ei olisi tapahtunut.&nbsp;<\/p>\n\n\n<style>.wp-block-kadence-advancedheading.kt-adv-heading41_af5b7e-5f, .wp-block-kadence-advancedheading.kt-adv-heading41_af5b7e-5f[data-kb-block=\"kb-adv-heading41_af5b7e-5f\"]{font-style:normal;}.wp-block-kadence-advancedheading.kt-adv-heading41_af5b7e-5f mark.kt-highlight, .wp-block-kadence-advancedheading.kt-adv-heading41_af5b7e-5f[data-kb-block=\"kb-adv-heading41_af5b7e-5f\"] mark.kt-highlight{font-style:normal;color:#f76a0c;-webkit-box-decoration-break:clone;box-decoration-break:clone;padding-top:0px;padding-right:0px;padding-bottom:0px;padding-left:0px;}.wp-block-kadence-advancedheading.kt-adv-heading41_af5b7e-5f img.kb-inline-image, .wp-block-kadence-advancedheading.kt-adv-heading41_af5b7e-5f[data-kb-block=\"kb-adv-heading41_af5b7e-5f\"] img.kb-inline-image{width:150px;vertical-align:baseline;}<\/style>\n<h3 class=\"kt-adv-heading41_af5b7e-5f wp-block-kadence-advancedheading\" data-kb-block=\"kb-adv-heading41_af5b7e-5f\">Erimielisyydet<\/h3>\n\n\n\n<p>Mahdollisissa erimielisyyksiss\u00e4 asiat pyrit\u00e4\u00e4n ratkomaan neuvottelemalla. Jos t\u00e4m\u00e4 ei ratkaise ongelmaa, asiakasta neuvotaan olemaan yhteydess\u00e4 kuluttajariitalautakuntaan.<\/p>\n\n\n<style>.wp-block-kadence-advancedheading.kt-adv-heading41_f4cf09-8a, .wp-block-kadence-advancedheading.kt-adv-heading41_f4cf09-8a[data-kb-block=\"kb-adv-heading41_f4cf09-8a\"]{font-style:normal;}.wp-block-kadence-advancedheading.kt-adv-heading41_f4cf09-8a mark.kt-highlight, .wp-block-kadence-advancedheading.kt-adv-heading41_f4cf09-8a[data-kb-block=\"kb-adv-heading41_f4cf09-8a\"] mark.kt-highlight{font-style:normal;color:#f76a0c;-webkit-box-decoration-break:clone;box-decoration-break:clone;padding-top:0px;padding-right:0px;padding-bottom:0px;padding-left:0px;}.wp-block-kadence-advancedheading.kt-adv-heading41_f4cf09-8a img.kb-inline-image, .wp-block-kadence-advancedheading.kt-adv-heading41_f4cf09-8a[data-kb-block=\"kb-adv-heading41_f4cf09-8a\"] img.kb-inline-image{width:150px;vertical-align:baseline;}<\/style>\n<h3 class=\"kt-adv-heading41_f4cf09-8a wp-block-kadence-advancedheading\" data-kb-block=\"kb-adv-heading41_f4cf09-8a\">Koulutussopimuksen irtisanominen<\/h3>\n\n\n\n<p>Jos asiakas ei sitoudu n\u00e4ihin ehtoihin sek\u00e4 koiran eettiseen kohteluun tai k\u00e4ytt\u00e4ytyy asiattomasti kouluttajaa tai muita asiakkaita kohtaan, kouluttajalla on oikeus vaatia h\u00e4nt\u00e4 poistumaan koulutuksesta. N\u00e4iss\u00e4 tilanteissa kouluttajalla on mahdollisuus irtisanoa valmennussopimus, ja peri\u00e4 kaikkien toteutuneiden koulutuskertojen hinta. Samaa k\u00e4yt\u00e4nt\u00f6\u00e4 noudatetaan, jos koira esitt\u00e4\u00e4 toistuvasti kivun oireita tai merkkej\u00e4, ja sit\u00e4 kielt\u00e4ydyt\u00e4\u00e4n tutkituttamasta ja hoitamasta.<\/p>\n<\/div><\/div>\n\n<\/div><\/div>\n\n\n<p><\/p>\n","protected":false},"excerpt":{"rendered":"<p>tilausEhdot Jotta kaikilla olisi turvallisempi mieli, luethan ehdot huolella ennen palvelun tilaamista. Yleiset ehdot Koiran omistaja tai haltija on aina vastuussa koiran turvallisuudesta sek\u00e4 mahdollisista esine-, el\u00e4in- tai henkil\u00f6vahingoista. Koulutukseen osallistuvan koiran on oltava terve ja rokotuksissaan ajan tasalla. Koulutukseen eiv\u00e4t saa osallistua Maa- ja mets\u00e4talousministeri\u00f6n asetuksen mukaisesti typistetyt koirat. Takku ja Rakit oy ei korvaa mahdollisia koulutuspaikalla tai sen v\u00e4litt\u00f6m\u00e4ss\u00e4 ymp\u00e4rist\u00f6ss\u00e4 tapahtuneita vahinkoja koiran omistajalle. Ilmoittautuessasi koulutukseen sitoudut n\u00e4ihin ehtoihin. Muutokset Pid\u00e4t\u00e4mme oikeuden muutoksiin koulutusten aikatauluissa, korvaavissa kouluttajissa ja sijainneissa, sek\u00e4 koulutusten peruuttamisessa. Muutoksista pyrit\u00e4\u00e4n ilmoittamaan ajoissa, kuitenkin viimeist\u00e4\u00e4n edellisen\u00e4 p\u00e4iv\u00e4n\u00e4. Peruutusehto 14 vrk ennen koulutuksen alkamista, sek\u00e4 aiemmin tehdyt peruutukset ovat maksuttomia. T\u00e4m\u00e4n j\u00e4lkeen tehdyist\u00e4 peruutuksista perit\u00e4\u00e4n 50 % hinnasta. Jos koulutus perutaan sen jo alettua, maksua ei palauteta. Jos koulutus peruuntuu kouluttajasta johtuvista syist\u00e4, pyrit\u00e4\u00e4n kerta ensisijaisesti korvaamaan toisella treenikerralla. Jos asiakas on estynyt saapumasta koulutukseen, kertoja ei korvata. El\u00e4inl\u00e4\u00e4k\u00e4rin- tai l\u00e4\u00e4k\u00e4rintodistusta vastaan on kuitenkin mahdollista siirt\u00e4\u00e4 k\u00e4ytt\u00e4m\u00e4tt\u00f6m\u00e4t koulutukset. Todistukset on toimitettava viikon kuluessa kyseisest\u00e4 koulutuskerrasta. Kaikki peruutukset tulee tehd\u00e4 kirjallisesti. Tyytyv\u00e4isyystakuu Valmennuksen alettua 14vrk ajan on voimassa tyytyv\u00e4isyystakuu, jolloin maksu palautetaan tai lasku perutaan kuluitta. Ehtona asiakkaan palaute ja perustelut siit\u00e4, mik\u00e4 palvelussa ja koulutuksessa olisi tullut toteuttaa toisin, jotta peruutusta ei olisi tapahtunut.&nbsp; Erimielisyydet Mahdollisissa erimielisyyksiss\u00e4 asiat pyrit\u00e4\u00e4n ratkomaan neuvottelemalla. Jos t\u00e4m\u00e4 ei ratkaise ongelmaa, asiakasta neuvotaan olemaan yhteydess\u00e4 kuluttajariitalautakuntaan. Koulutussopimuksen irtisanominen Jos asiakas ei sitoudu n\u00e4ihin ehtoihin sek\u00e4 koiran eettiseen kohteluun tai k\u00e4ytt\u00e4ytyy asiattomasti kouluttajaa tai muita asiakkaita kohtaan, kouluttajalla on oikeus vaatia h\u00e4nt\u00e4 poistumaan koulutuksesta. N\u00e4iss\u00e4 tilanteissa kouluttajalla on mahdollisuus irtisanoa valmennussopimus, ja peri\u00e4 kaikkien toteutuneiden koulutuskertojen hinta. Samaa k\u00e4yt\u00e4nt\u00f6\u00e4 noudatetaan, jos koira esitt\u00e4\u00e4 toistuvasti kivun oireita tai merkkej\u00e4, ja sit\u00e4 kielt\u00e4ydyt\u00e4\u00e4n tutkituttamasta ja hoitamasta.<\/p>","protected":false},"author":1,"featured_media":0,"parent":0,"menu_order":0,"comment_status":"closed","ping_status":"closed","template":"","meta":{"_eb_attr":"","_kad_post_transparent":"","_kad_post_title":"hide","_kad_post_layout":"fullwidth","_kad_post_sidebar_id":"","_kad_post_content_style":"unboxed","_kad_post_vertical_padding":"hide","_kad_post_feature":"hide","_kad_post_feature_position":"","_kad_post_header":false,"_kad_post_footer":false,"_kad_post_classname":"","footnotes":""},"class_list":["post-41","page","type-page","status-publish","hentry"],"_links":{"self":[{"href":"https:\/\/takkujarakit.fi\/fi\/wp-json\/wp\/v2\/pages\/41","targetHints":{"allow":["GET"]}}],"collection":[{"href":"https:\/\/takkujarakit.fi\/fi\/wp-json\/wp\/v2\/pages"}],"about":[{"href":"https:\/\/takkujarakit.fi\/fi\/wp-json\/wp\/v2\/types\/page"}],"author":[{"embeddable":true,"href":"https:\/\/takkujarakit.fi\/fi\/wp-json\/wp\/v2\/users\/1"}],"replies":[{"embeddable":true,"href":"https:\/\/takkujarakit.fi\/fi\/wp-json\/wp\/v2\/comments?post=41"}],"version-history":[{"count":0,"href":"https:\/\/takkujarakit.fi\/fi\/wp-json\/wp\/v2\/pages\/41\/revisions"}],"wp:attachment":[{"href":"https:\/\/takkujarakit.fi\/fi\/wp-json\/wp\/v2\/media?parent=41"}],"curies":[{"name":"wp","href":"https:\/\/api.w.org\/{rel}","templated":true}]}}