{"id":2496,"date":"2025-09-14T09:28:09","date_gmt":"2025-09-14T09:28:09","guid":{"rendered":"https:\/\/takkujarakit.fi\/product\/koirakon-kisakupla-syksy-2025\/"},"modified":"2026-03-10T11:17:58","modified_gmt":"2026-03-10T11:17:58","slug":"koirakon-kisakupla-syksy-2025","status":"publish","type":"product","link":"https:\/\/takkujarakit.fi\/fi\/tuote\/koirakon-kisakupla-syksy-2025\/","title":{"rendered":"Koirakon kisakupla SYKSY 2025"},"content":{"rendered":"<p>PALASET ONNISTUNEEN KOESUORITUKSEN RAKENTAMISEEN<\/p>\n<p>Miten p\u00e4\u00e4st\u00e4\u00e4n siihen kuuluisaan \u201ckuplaan\u201d ja saadaan koira toimimaan kokeissa ja kisoissa samalla tavalla kuin treeneiss\u00e4. Verkkokurssi toko- ja rally-tokokoirille.<\/p>\n<p>Koirakon kisakupla on 8 viikkoa kest\u00e4v\u00e4 useita osioita sis\u00e4lt\u00e4v\u00e4 verkkokurssi.<\/p>\n<p>Kurssi alkaa 22.9.<\/p>\n<p>Jokaisen kurssiviikon alussa jaetaan koulutusmateriaalit videoina ja treenisuunnitelmina. Lis\u00e4ksi viikottain j\u00e4rjestet\u00e4\u00e4n kahvitaukolive(keskiviikkoisin klo 18-18:30), sek\u00e4 vastauksia kysymyksiin -video.<\/p>\n<p>Osallistujille luodaan my\u00f6s yksityinen Facebook -ryhm\u00e4.<\/p>\n<p>Paikkoja t\u00e4h\u00e4n l\u00e4ht\u00f6\u00f6n on jaossa 20. Myynti alkaa 16.9.<\/p>\n<p>Seuraava kurssi alkaa kev\u00e4\u00e4ll\u00e4 2026.<\/p>","protected":false},"excerpt":{"rendered":"<p>PALASET ONNISTUNEEN KOESUORITUKSEN RAKENTAMISEEN Miten p\u00e4\u00e4st\u00e4\u00e4n siihen kuuluisaan \u201ckuplaan\u201d ja saadaan koira toimimaan kokeissa ja kisoissa samalla tavalla kuin treeneiss\u00e4. Verkkokurssi toko- ja rally-tokokoirille. Koirakon kisakupla on 8 viikkoa kest\u00e4v\u00e4 useita osioita sis\u00e4lt\u00e4v\u00e4 verkkokurssi. Kurssi alkaa 22.9. Jokaisen kurssiviikon alussa jaetaan koulutusmateriaalit videoina ja treenisuunnitelmina. Lis\u00e4ksi viikottain j\u00e4rjestet\u00e4\u00e4n kahvitaukolive(keskiviikkoisin klo 18-18:30), sek\u00e4 vastauksia kysymyksiin -video. Osallistujille luodaan my\u00f6s yksityinen Facebook -ryhm\u00e4. Paikkoja t\u00e4h\u00e4n l\u00e4ht\u00f6\u00f6n on jaossa 20. Myynti alkaa 16.9. Seuraava kurssi alkaa kev\u00e4\u00e4ll\u00e4 2026.<\/p>","protected":false},"featured_media":1421,"template":"","meta":{"_eb_attr":"","_kad_post_transparent":"default","_kad_post_title":"","_kad_post_layout":"default","_kad_post_sidebar_id":"","_kad_post_content_style":"default","_kad_post_vertical_padding":"default","_kad_post_feature":"","_kad_post_feature_position":"","_kad_post_header":false,"_kad_post_footer":false,"_kad_post_classname":""},"product_brand":[],"product_cat":[35],"product_tag":[],"class_list":{"0":"post-2496","1":"product","2":"type-product","3":"status-publish","4":"has-post-thumbnail","6":"product_cat-verkkokurssit","8":"first","9":"outofstock","10":"virtual","11":"sold-individually","12":"purchasable","13":"product-type-simple","14":"entry","15":"content-bg","16":"loop-entry"},"_links":{"self":[{"href":"https:\/\/takkujarakit.fi\/fi\/wp-json\/wp\/v2\/product\/2496","targetHints":{"allow":["GET"]}}],"collection":[{"href":"https:\/\/takkujarakit.fi\/fi\/wp-json\/wp\/v2\/product"}],"about":[{"href":"https:\/\/takkujarakit.fi\/fi\/wp-json\/wp\/v2\/types\/product"}],"version-history":[{"count":6,"href":"https:\/\/takkujarakit.fi\/fi\/wp-json\/wp\/v2\/product\/2496\/revisions"}],"predecessor-version":[{"id":2504,"href":"https:\/\/takkujarakit.fi\/fi\/wp-json\/wp\/v2\/product\/2496\/revisions\/2504"}],"wp:featuredmedia":[{"embeddable":true,"href":"https:\/\/takkujarakit.fi\/fi\/wp-json\/wp\/v2\/media\/1421"}],"wp:attachment":[{"href":"https:\/\/takkujarakit.fi\/fi\/wp-json\/wp\/v2\/media?parent=2496"}],"wp:term":[{"taxonomy":"product_brand","embeddable":true,"href":"https:\/\/takkujarakit.fi\/fi\/wp-json\/wp\/v2\/product_brand?post=2496"},{"taxonomy":"product_cat","embeddable":true,"href":"https:\/\/takkujarakit.fi\/fi\/wp-json\/wp\/v2\/product_cat?post=2496"},{"taxonomy":"product_tag","embeddable":true,"href":"https:\/\/takkujarakit.fi\/fi\/wp-json\/wp\/v2\/product_tag?post=2496"}],"curies":[{"name":"wp","href":"https:\/\/api.w.org\/{rel}","templated":true}]}}